{"id":10841,"date":"2018-02-06T14:58:21","date_gmt":"2018-02-06T11:58:21","guid":{"rendered":"https:\/\/dismek.com.tr\/?page_id=10841"},"modified":"2025-01-04T13:10:50","modified_gmt":"2025-01-04T10:10:50","slug":"import-export","status":"publish","type":"page","link":"https:\/\/dismek.com.tr\/de\/import-export\/","title":{"rendered":"Import &#038; Export"},"content":{"rendered":"<div class=\"wpb-content-wrapper\"><p>[vc_row row_height_type=&#8221;fixed_height_screen&#8221; height=&#8221;0&#8243; min_height=&#8221;250&#8243; content_placement=&#8221;middle&#8221; custom_bg_type=&#8221;image&#8221; custom_bg_cover=&#8221;cover&#8221; custom_bg_repeat=&#8221;no-repeat&#8221; custom_bg_position=&#8221;Center top&#8221; textalign=&#8221;align_center&#8221; fadeout=&#8221;wtbx-fadeout&#8221; nav_skin=&#8221;light&#8221; disable_fixed_height=&#8221;tablet_portrait&#8221; consent_include=&#8221;include&#8221; equal_height=&#8221;true&#8221; custom_bg_color=&#8221;{&#8220;solid&#8220;:{&#8220;id&#8220;:&#8220;Dark color&#8220;,&#8220;color&#8220;:&#8220;#151221&#8220;}}&#8221; custom_bg_image=&#8221;10445&#8243; overlay_color=&#8221;{&#8220;solid&#8220;:{&#8220;id&#8220;:&#8220;Overlay color&#8220;,&#8220;color&#8220;:&#8220;rgba(21,20,36,0.5)&#8220;}}&#8221; el_design=&#8221;{&#8220;desktop&#8220;:{&#8220;padding-top&#8220;:&#8220;95&#8220;,&#8220;padding-bottom&#8220;:&#8220;60&#8220;}}&#8221;][vc_column el_design=&#8221;{&#8220;desktop&#8220;:{&#8220;padding-top&#8220;:&#8220;15&#8220;,&#8220;padding-right&#8220;:&#8220;15&#8220;,&#8220;padding-bottom&#8220;:&#8220;15&#8220;,&#8220;padding-left&#8220;:&#8220;15&#8220;}}&#8221; css_animation=&#8221;&#8221;][vc_heading heading_text=&#8221;Import &amp; Export&#8221; heading_wrapper=&#8221;h1&#8243; heading_color=&#8221;{&#8220;solid&#8220;:{&#8220;id&#8220;:&#8220;custom_3715609566673309&#8220;,&#8220;color&#8220;:&#8220;#ffffff&#8220;}}&#8221; heading_typography=&#8221;{&#8220;variants&#8220;:&#8220;500&#8220;,&#8220;font_size&#8220;:&#8220;50px&#8220;,&#8220;line_height&#8220;:&#8220;1.2em&#8220;}&#8221; responsiveness=&#8221;yes&#8221; tablet_portrait=&#8221;100&#8243; mobile_landscape=&#8221;85&#8243; mobile_portrait=&#8221;75&#8243; css_animation=&#8221;wtbx-anim-bottom-to-top-small&#8221; css_animation_easing=&#8221;wtbx_easing-natural&#8221; css_animation_duration=&#8221;wtbx-duration-700&#8243; css_animation_delay=&#8221;&#8221;][vc_empty_space height=&#8221;5px&#8221; mobile_landscape=&#8221;15&#8243;][vc_heading heading_text=&#8221;Handiron, Promek Plus und Mixmek&#8221; heading_wrapper=&#8221;p&#8221; heading_color=&#8221;{&#8220;solid&#8220;:{&#8220;id&#8220;:&#8220;custom_color&#8220;,&#8220;color&#8220;:&#8220;rgba(255,255,255,0.5)&#8220;}}&#8221; heading_typography=&#8221;{&#8220;variants&#8220;:&#8220;500&#8220;,&#8220;transform&#8220;:&#8220;uppercase&#8220;,&#8220;font_size&#8220;:&#8220;12px&#8220;,&#8220;letter_spacing&#8220;:&#8220;0.1em&#8220;}&#8221; css_animation=&#8221;wtbx-anim-bottom-to-top-small&#8221; css_animation_easing=&#8221;wtbx_easing-natural&#8221; css_animation_duration=&#8221;wtbx-duration-800&#8243; css_animation_delay=&#8221;wtbx-delay-100&#8243;][\/vc_column][\/vc_row][vc_row nav_skin=&#8221;light&#8221; consent_include=&#8221;include&#8221; el_design=&#8221;{&#8220;desktop&#8220;:{&#8220;margin-top&#8220;:&#8220;50px&#8220;,&#8220;margin-bottom&#8220;:&#8220;50px&#8220;}}&#8221;][vc_column width=&#8221;1\/2&#8243; css_animation=&#8221;&#8221;][vc_text_element css_animation=&#8221;&#8221;]<\/p>\n<p align=\"justify\"><strong>Dismek Chemische Substanzen<\/strong>; Es ist ein internationales Unternehmen, das importiert und exportiert und Qualit\u00e4t anstrebt. Es gibt jedoch einige aufopfernde Gedanken, denen es im <strong>internationalen Handel<\/strong> Beachtung schenkt. Was sind also diese aufopfernden Gedanken?<\/p>\n<p align=\"justify\">Wenn der Rohstoff, den es zur Herstellung verwendet, nicht in der T\u00fcrkei produziert wird, importiert es ihn. Denn der Zweck der Unternehmensgr\u00fcndung besteht darin, Dienstleistungen mit inl\u00e4ndischem Kapital und inl\u00e4ndischen Produkten anzubieten.<\/p>\n<p align=\"justify\">Import ist f\u00fcr unser Unternehmen immer ein sekund\u00e4res Handelsmodell.<\/p>\n<p align=\"justify\">Unser Unternehmen, das in st\u00e4ndigem Kontakt mit offiziellen Institutionen und Organisationen steht, um zu exportieren, kn\u00fcpft durch die Teilnahme an internationalen Messen Verbindungen und schreitet auf dem Weg voran, eine internationale Marke zu werden.<\/p>\n<p align=\"justify\">Unser Unternehmen, das die Idee vertritt, dass die Schlie\u00dfung des aktuellen Defizits eines Landes auf Exporten beruht, sucht st\u00e4ndig nach Kunden auf ausl\u00e4ndischen M\u00e4rkten und f\u00fchrt seine Exporte durch, sowohl mit dem Rat unserer Freunde als auch \u00fcber Zwischenunternehmen und das Internet.<\/p>\n<p align=\"justify\">Wir verpflichten uns, mit unseren jungen Kollegen immer mit unserer ganzen Kraft f\u00fcr unser Land und unser Volk zu arbeiten, ohne diese hingebungsvollen Gedanken aufzugeben.<\/p>\n<p>[\/vc_text_element][\/vc_column][vc_column width=&#8221;1\/2&#8243; css_animation=&#8221;&#8221;][vc_single_image image=&#8221;10667&#8243; img_size=&#8221;full&#8221; alignment=&#8221;center&#8221; style=&#8221;vc_box_outline&#8221; css=&#8221;&#8221;][vc_single_image image=&#8221;10682&#8243; img_size=&#8221;full&#8221; alignment=&#8221;center&#8221; css=&#8221;.vc_custom_1731842855246{margin-top: 20px !important;}&#8221;][\/vc_column][\/vc_row]<\/p>\n<\/div>","protected":false},"excerpt":{"rendered":"<p>[vc_row row_height_type=&#8221;fixed_height_screen&#8221; height=&#8221;0&#8243; min_height=&#8221;250&#8243; content_placement=&#8221;middle&#8221; custom_bg_type=&#8221;image&#8221; custom_bg_cover=&#8221;cover&#8221; custom_bg_repeat=&#8221;no-repeat&#8221; custom_bg_position=&#8221;Center top&#8221; textalign=&#8221;align_center&#8221; fadeout=&#8221;wtbx-fadeout&#8221; nav_skin=&#8221;light&#8221; disable_fixed_height=&#8221;tablet_portrait&#8221; consent_include=&#8221;include&#8221; equal_height=&#8221;true&#8221; custom_bg_color=&#8221;{&#8220;solid&#8220;:{&#8220;id&#8220;:&#8220;Dark color&#8220;,&#8220;color&#8220;:&#8220;#151221&#8220;}}&#8221; custom_bg_image=&#8221;10445&#8243; overlay_color=&#8221;{&#8220;solid&#8220;:{&#8220;id&#8220;:&#8220;Overlay color&#8220;,&#8220;color&#8220;:&#8220;rgba(21,20,36,0.5)&#8220;}}&#8221; el_design=&#8221;{&#8220;desktop&#8220;:{&#8220;padding-top&#8220;:&#8220;95&#8220;,&#8220;padding-bottom&#8220;:&#8220;60&#8220;}}&#8221;][vc_column el_design=&#8221;{&#8220;desktop&#8220;:{&#8220;padding-top&#8220;:&#8220;15&#8220;,&#8220;padding-right&#8220;:&#8220;15&#8220;,&#8220;padding-bottom&#8220;:&#8220;15&#8220;,&#8220;padding-left&#8220;:&#8220;15&#8220;}}&#8221; css_animation=&#8221;&#8221;][vc_heading heading_text=&#8221;Import &amp; Export&#8221; heading_wrapper=&#8221;h1&#8243; heading_color=&#8221;{&#8220;solid&#8220;:{&#8220;id&#8220;:&#8220;custom_3715609566673309&#8220;,&#8220;color&#8220;:&#8220;#ffffff&#8220;}}&#8221; heading_typography=&#8221;{&#8220;variants&#8220;:&#8220;500&#8220;,&#8220;font_size&#8220;:&#8220;50px&#8220;,&#8220;line_height&#8220;:&#8220;1.2em&#8220;}&#8221; responsiveness=&#8221;yes&#8221; tablet_portrait=&#8221;100&#8243; mobile_landscape=&#8221;85&#8243; mobile_portrait=&#8221;75&#8243; css_animation=&#8221;wtbx-anim-bottom-to-top-small&#8221; css_animation_easing=&#8221;wtbx_easing-natural&#8221; css_animation_duration=&#8221;wtbx-duration-700&#8243; css_animation_delay=&#8221;&#8221;][vc_empty_space height=&#8221;5px&#8221; mobile_landscape=&#8221;15&#8243;][vc_heading heading_text=&#8221;Handiron, Promek Plus und Mixmek&#8221; heading_wrapper=&#8221;p&#8221; heading_color=&#8221;{&#8220;solid&#8220;:{&#8220;id&#8220;:&#8220;custom_color&#8220;,&#8220;color&#8220;:&#8220;rgba(255,255,255,0.5)&#8220;}}&#8221; heading_typography=&#8221;{&#8220;variants&#8220;:&#8220;500&#8220;,&#8220;transform&#8220;:&#8220;uppercase&#8220;,&#8220;font_size&#8220;:&#8220;12px&#8220;,&#8220;letter_spacing&#8220;:&#8220;0.1em&#8220;}&#8221; css_animation=&#8221;wtbx-anim-bottom-to-top-small&#8221; css_animation_easing=&#8221;wtbx_easing-natural&#8221; css_animation_duration=&#8221;wtbx-duration-800&#8243; css_animation_delay=&#8221;wtbx-delay-100&#8243;][\/vc_column][\/vc_row][vc_row nav_skin=&#8221;light&#8221; consent_include=&#8221;include&#8221; el_design=&#8221;{&#8220;desktop&#8220;:{&#8220;margin-top&#8220;:&#8220;50px&#8220;,&#8220;margin-bottom&#8220;:&#8220;50px&#8220;}}&#8221;][vc_column width=&#8221;1\/2&#8243; css_animation=&#8221;&#8221;][vc_text_element css_animation=&#8221;&#8221;] Dismek Chemische Substanzen; Es ist ein internationales Unternehmen, das importiert und exportiert und Qualit\u00e4t anstrebt. Es gibt [&hellip;]<\/p>\n","protected":false},"author":1,"featured_media":0,"parent":0,"menu_order":0,"comment_status":"closed","ping_status":"closed","template":"","meta":{"footnotes":""},"class_list":["post-10841","page","type-page","status-publish","hentry"],"yoast_head":"<!-- This site is optimized with the Yoast SEO Premium plugin v19.3 (Yoast SEO v24.2) - https:\/\/yoast.com\/wordpress\/plugins\/seo\/ -->\n<title>Import &amp; Export - Dismek<\/title>\n<meta name=\"robots\" content=\"index, follow, max-snippet:-1, max-image-preview:large, max-video-preview:-1\" \/>\n<link rel=\"canonical\" href=\"https:\/\/dismek.com.tr\/de\/import-export\/\" \/>\n<meta property=\"og:locale\" content=\"de_DE\" \/>\n<meta property=\"og:type\" content=\"article\" \/>\n<meta property=\"og:title\" content=\"Import &amp; Export\" \/>\n<meta property=\"og:description\" content=\"[vc_row row_height_type=&#8221;fixed_height_screen&#8221; height=&#8221;0&#8243; min_height=&#8221;250&#8243; content_placement=&#8221;middle&#8221; custom_bg_type=&#8221;image&#8221; custom_bg_cover=&#8221;cover&#8221; custom_bg_repeat=&#8221;no-repeat&#8221; custom_bg_position=&#8221;Center top&#8221; textalign=&#8221;align_center&#8221; fadeout=&#8221;wtbx-fadeout&#8221; nav_skin=&#8221;light&#8221; disable_fixed_height=&#8221;tablet_portrait&#8221; consent_include=&#8221;include&#8221; equal_height=&#8221;true&#8221; custom_bg_color=&#8221;{&#8220;solid&#8220;:{&#8220;id&#8220;:&#8220;Dark color&#8220;,&#8220;color&#8220;:&#8220;#151221&#8220;}}&#8221; custom_bg_image=&#8221;10445&#8243; overlay_color=&#8221;{&#8220;solid&#8220;:{&#8220;id&#8220;:&#8220;Overlay color&#8220;,&#8220;color&#8220;:&#8220;rgba(21,20,36,0.5)&#8220;}}&#8221; el_design=&#8221;{&#8220;desktop&#8220;:{&#8220;padding-top&#8220;:&#8220;95&#8220;,&#8220;padding-bottom&#8220;:&#8220;60&#8220;}}&#8221;][vc_column el_design=&#8221;{&#8220;desktop&#8220;:{&#8220;padding-top&#8220;:&#8220;15&#8220;,&#8220;padding-right&#8220;:&#8220;15&#8220;,&#8220;padding-bottom&#8220;:&#8220;15&#8220;,&#8220;padding-left&#8220;:&#8220;15&#8220;}}&#8221; css_animation=&#8221;&#8221;][vc_heading heading_text=&#8221;Import &amp; Export&#8221; heading_wrapper=&#8221;h1&#8243; heading_color=&#8221;{&#8220;solid&#8220;:{&#8220;id&#8220;:&#8220;custom_3715609566673309&#8220;,&#8220;color&#8220;:&#8220;#ffffff&#8220;}}&#8221; heading_typography=&#8221;{&#8220;variants&#8220;:&#8220;500&#8220;,&#8220;font_size&#8220;:&#8220;50px&#8220;,&#8220;line_height&#8220;:&#8220;1.2em&#8220;}&#8221; responsiveness=&#8221;yes&#8221; tablet_portrait=&#8221;100&#8243; mobile_landscape=&#8221;85&#8243; mobile_portrait=&#8221;75&#8243; css_animation=&#8221;wtbx-anim-bottom-to-top-small&#8221; css_animation_easing=&#8221;wtbx_easing-natural&#8221; css_animation_duration=&#8221;wtbx-duration-700&#8243; css_animation_delay=&#8221;&#8221;][vc_empty_space height=&#8221;5px&#8221; mobile_landscape=&#8221;15&#8243;][vc_heading heading_text=&#8221;Handiron, Promek Plus und Mixmek&#8221; heading_wrapper=&#8221;p&#8221; heading_color=&#8221;{&#8220;solid&#8220;:{&#8220;id&#8220;:&#8220;custom_color&#8220;,&#8220;color&#8220;:&#8220;rgba(255,255,255,0.5)&#8220;}}&#8221; heading_typography=&#8221;{&#8220;variants&#8220;:&#8220;500&#8220;,&#8220;transform&#8220;:&#8220;uppercase&#8220;,&#8220;font_size&#8220;:&#8220;12px&#8220;,&#8220;letter_spacing&#8220;:&#8220;0.1em&#8220;}&#8221; css_animation=&#8221;wtbx-anim-bottom-to-top-small&#8221; css_animation_easing=&#8221;wtbx_easing-natural&#8221; css_animation_duration=&#8221;wtbx-duration-800&#8243; css_animation_delay=&#8221;wtbx-delay-100&#8243;][\/vc_column][\/vc_row][vc_row nav_skin=&#8221;light&#8221; consent_include=&#8221;include&#8221; el_design=&#8221;{&#8220;desktop&#8220;:{&#8220;margin-top&#8220;:&#8220;50px&#8220;,&#8220;margin-bottom&#8220;:&#8220;50px&#8220;}}&#8221;][vc_column width=&#8221;1\/2&#8243; css_animation=&#8221;&#8221;][vc_text_element css_animation=&#8221;&#8221;] Dismek Chemische Substanzen; Es ist ein internationales Unternehmen, das importiert und exportiert und Qualit\u00e4t anstrebt. Es gibt [&hellip;]\" \/>\n<meta property=\"og:url\" content=\"https:\/\/dismek.com.tr\/de\/import-export\/\" \/>\n<meta property=\"og:site_name\" content=\"Dismek\" \/>\n<meta property=\"article:modified_time\" content=\"2025-01-04T10:10:50+00:00\" \/>\n<meta name=\"twitter:card\" content=\"summary_large_image\" \/>\n<meta name=\"twitter:label1\" content=\"Gesch\u00e4tzte Lesezeit\" \/>\n\t<meta name=\"twitter:data1\" content=\"3\u00a0Minuten\" \/>\n<script type=\"application\/ld+json\" class=\"yoast-schema-graph\">{\"@context\":\"https:\/\/schema.org\",\"@graph\":[{\"@type\":\"WebPage\",\"@id\":\"https:\/\/dismek.com.tr\/de\/import-export\/\",\"url\":\"https:\/\/dismek.com.tr\/de\/import-export\/\",\"name\":\"Import & Export - Dismek\",\"isPartOf\":{\"@id\":\"https:\/\/dismek.com.tr\/#website\"},\"datePublished\":\"2018-02-06T11:58:21+00:00\",\"dateModified\":\"2025-01-04T10:10:50+00:00\",\"breadcrumb\":{\"@id\":\"https:\/\/dismek.com.tr\/de\/import-export\/#breadcrumb\"},\"inLanguage\":\"de\",\"potentialAction\":[{\"@type\":\"ReadAction\",\"target\":[\"https:\/\/dismek.com.tr\/de\/import-export\/\"]}]},{\"@type\":\"BreadcrumbList\",\"@id\":\"https:\/\/dismek.com.tr\/de\/import-export\/#breadcrumb\",\"itemListElement\":[{\"@type\":\"ListItem\",\"position\":1,\"name\":\"Home\",\"item\":\"https:\/\/dismek.com.tr\/de\/\"},{\"@type\":\"ListItem\",\"position\":2,\"name\":\"Import &#038; Export\"}]},{\"@type\":\"WebSite\",\"@id\":\"https:\/\/dismek.com.tr\/#website\",\"url\":\"https:\/\/dismek.com.tr\/\",\"name\":\"Dismek\",\"description\":\"\",\"potentialAction\":[{\"@type\":\"SearchAction\",\"target\":{\"@type\":\"EntryPoint\",\"urlTemplate\":\"https:\/\/dismek.com.tr\/?s={search_term_string}\"},\"query-input\":{\"@type\":\"PropertyValueSpecification\",\"valueRequired\":true,\"valueName\":\"search_term_string\"}}],\"inLanguage\":\"de\"}]}<\/script>\n<!-- \/ Yoast SEO Premium plugin. -->","yoast_head_json":{"title":"Import & Export - Dismek","robots":{"index":"index","follow":"follow","max-snippet":"max-snippet:-1","max-image-preview":"max-image-preview:large","max-video-preview":"max-video-preview:-1"},"canonical":"https:\/\/dismek.com.tr\/de\/import-export\/","og_locale":"de_DE","og_type":"article","og_title":"Import & Export","og_description":"[vc_row row_height_type=&#8221;fixed_height_screen&#8221; height=&#8221;0&#8243; min_height=&#8221;250&#8243; content_placement=&#8221;middle&#8221; custom_bg_type=&#8221;image&#8221; custom_bg_cover=&#8221;cover&#8221; custom_bg_repeat=&#8221;no-repeat&#8221; custom_bg_position=&#8221;Center top&#8221; textalign=&#8221;align_center&#8221; fadeout=&#8221;wtbx-fadeout&#8221; nav_skin=&#8221;light&#8221; disable_fixed_height=&#8221;tablet_portrait&#8221; consent_include=&#8221;include&#8221; equal_height=&#8221;true&#8221; custom_bg_color=&#8221;{&#8220;solid&#8220;:{&#8220;id&#8220;:&#8220;Dark color&#8220;,&#8220;color&#8220;:&#8220;#151221&#8220;}}&#8221; custom_bg_image=&#8221;10445&#8243; overlay_color=&#8221;{&#8220;solid&#8220;:{&#8220;id&#8220;:&#8220;Overlay color&#8220;,&#8220;color&#8220;:&#8220;rgba(21,20,36,0.5)&#8220;}}&#8221; el_design=&#8221;{&#8220;desktop&#8220;:{&#8220;padding-top&#8220;:&#8220;95&#8220;,&#8220;padding-bottom&#8220;:&#8220;60&#8220;}}&#8221;][vc_column el_design=&#8221;{&#8220;desktop&#8220;:{&#8220;padding-top&#8220;:&#8220;15&#8220;,&#8220;padding-right&#8220;:&#8220;15&#8220;,&#8220;padding-bottom&#8220;:&#8220;15&#8220;,&#8220;padding-left&#8220;:&#8220;15&#8220;}}&#8221; css_animation=&#8221;&#8221;][vc_heading heading_text=&#8221;Import &amp; Export&#8221; heading_wrapper=&#8221;h1&#8243; heading_color=&#8221;{&#8220;solid&#8220;:{&#8220;id&#8220;:&#8220;custom_3715609566673309&#8220;,&#8220;color&#8220;:&#8220;#ffffff&#8220;}}&#8221; heading_typography=&#8221;{&#8220;variants&#8220;:&#8220;500&#8220;,&#8220;font_size&#8220;:&#8220;50px&#8220;,&#8220;line_height&#8220;:&#8220;1.2em&#8220;}&#8221; responsiveness=&#8221;yes&#8221; tablet_portrait=&#8221;100&#8243; mobile_landscape=&#8221;85&#8243; mobile_portrait=&#8221;75&#8243; css_animation=&#8221;wtbx-anim-bottom-to-top-small&#8221; css_animation_easing=&#8221;wtbx_easing-natural&#8221; css_animation_duration=&#8221;wtbx-duration-700&#8243; css_animation_delay=&#8221;&#8221;][vc_empty_space height=&#8221;5px&#8221; mobile_landscape=&#8221;15&#8243;][vc_heading heading_text=&#8221;Handiron, Promek Plus und Mixmek&#8221; heading_wrapper=&#8221;p&#8221; heading_color=&#8221;{&#8220;solid&#8220;:{&#8220;id&#8220;:&#8220;custom_color&#8220;,&#8220;color&#8220;:&#8220;rgba(255,255,255,0.5)&#8220;}}&#8221; heading_typography=&#8221;{&#8220;variants&#8220;:&#8220;500&#8220;,&#8220;transform&#8220;:&#8220;uppercase&#8220;,&#8220;font_size&#8220;:&#8220;12px&#8220;,&#8220;letter_spacing&#8220;:&#8220;0.1em&#8220;}&#8221; css_animation=&#8221;wtbx-anim-bottom-to-top-small&#8221; css_animation_easing=&#8221;wtbx_easing-natural&#8221; css_animation_duration=&#8221;wtbx-duration-800&#8243; css_animation_delay=&#8221;wtbx-delay-100&#8243;][\/vc_column][\/vc_row][vc_row nav_skin=&#8221;light&#8221; consent_include=&#8221;include&#8221; el_design=&#8221;{&#8220;desktop&#8220;:{&#8220;margin-top&#8220;:&#8220;50px&#8220;,&#8220;margin-bottom&#8220;:&#8220;50px&#8220;}}&#8221;][vc_column width=&#8221;1\/2&#8243; css_animation=&#8221;&#8221;][vc_text_element css_animation=&#8221;&#8221;] Dismek Chemische Substanzen; Es ist ein internationales Unternehmen, das importiert und exportiert und Qualit\u00e4t anstrebt. Es gibt [&hellip;]","og_url":"https:\/\/dismek.com.tr\/de\/import-export\/","og_site_name":"Dismek","article_modified_time":"2025-01-04T10:10:50+00:00","twitter_card":"summary_large_image","twitter_misc":{"Gesch\u00e4tzte Lesezeit":"3\u00a0Minuten"},"schema":{"@context":"https:\/\/schema.org","@graph":[{"@type":"WebPage","@id":"https:\/\/dismek.com.tr\/de\/import-export\/","url":"https:\/\/dismek.com.tr\/de\/import-export\/","name":"Import & Export - Dismek","isPartOf":{"@id":"https:\/\/dismek.com.tr\/#website"},"datePublished":"2018-02-06T11:58:21+00:00","dateModified":"2025-01-04T10:10:50+00:00","breadcrumb":{"@id":"https:\/\/dismek.com.tr\/de\/import-export\/#breadcrumb"},"inLanguage":"de","potentialAction":[{"@type":"ReadAction","target":["https:\/\/dismek.com.tr\/de\/import-export\/"]}]},{"@type":"BreadcrumbList","@id":"https:\/\/dismek.com.tr\/de\/import-export\/#breadcrumb","itemListElement":[{"@type":"ListItem","position":1,"name":"Home","item":"https:\/\/dismek.com.tr\/de\/"},{"@type":"ListItem","position":2,"name":"Import &#038; Export"}]},{"@type":"WebSite","@id":"https:\/\/dismek.com.tr\/#website","url":"https:\/\/dismek.com.tr\/","name":"Dismek","description":"","potentialAction":[{"@type":"SearchAction","target":{"@type":"EntryPoint","urlTemplate":"https:\/\/dismek.com.tr\/?s={search_term_string}"},"query-input":{"@type":"PropertyValueSpecification","valueRequired":true,"valueName":"search_term_string"}}],"inLanguage":"de"}]}},"_links":{"self":[{"href":"https:\/\/dismek.com.tr\/de\/wp-json\/wp\/v2\/pages\/10841","targetHints":{"allow":["GET"]}}],"collection":[{"href":"https:\/\/dismek.com.tr\/de\/wp-json\/wp\/v2\/pages"}],"about":[{"href":"https:\/\/dismek.com.tr\/de\/wp-json\/wp\/v2\/types\/page"}],"author":[{"embeddable":true,"href":"https:\/\/dismek.com.tr\/de\/wp-json\/wp\/v2\/users\/1"}],"replies":[{"embeddable":true,"href":"https:\/\/dismek.com.tr\/de\/wp-json\/wp\/v2\/comments?post=10841"}],"version-history":[{"count":2,"href":"https:\/\/dismek.com.tr\/de\/wp-json\/wp\/v2\/pages\/10841\/revisions"}],"predecessor-version":[{"id":10954,"href":"https:\/\/dismek.com.tr\/de\/wp-json\/wp\/v2\/pages\/10841\/revisions\/10954"}],"wp:attachment":[{"href":"https:\/\/dismek.com.tr\/de\/wp-json\/wp\/v2\/media?parent=10841"}],"curies":[{"name":"wp","href":"https:\/\/api.w.org\/{rel}","templated":true}]}}