{"id":10844,"date":"2018-02-06T11:06:40","date_gmt":"2018-02-06T08:06:40","guid":{"rendered":"https:\/\/dismek.com.tr\/?page_id=10844"},"modified":"2025-01-04T13:11:20","modified_gmt":"2025-01-04T10:11:20","slug":"auftragsfertigung","status":"publish","type":"page","link":"https:\/\/dismek.com.tr\/de\/auftragsfertigung\/","title":{"rendered":"Auftragsfertigung"},"content":{"rendered":"<div class=\"wpb-content-wrapper\"><p>[vc_row row_height_type=&#8221;fixed_height_screen&#8221; height=&#8221;0&#8243; min_height=&#8221;250&#8243; content_placement=&#8221;middle&#8221; custom_bg_type=&#8221;image&#8221; custom_bg_cover=&#8221;cover&#8221; custom_bg_repeat=&#8221;no-repeat&#8221; custom_bg_position=&#8221;Center top&#8221; textalign=&#8221;align_center&#8221; fadeout=&#8221;wtbx-fadeout&#8221; nav_skin=&#8221;light&#8221; disable_fixed_height=&#8221;tablet_portrait&#8221; consent_include=&#8221;include&#8221; equal_height=&#8221;true&#8221; custom_bg_color=&#8221;{&#8220;solid&#8220;:{&#8220;id&#8220;:&#8220;Dark color&#8220;,&#8220;color&#8220;:&#8220;#151221&#8220;}}&#8221; custom_bg_image=&#8221;10445&#8243; overlay_color=&#8221;{&#8220;solid&#8220;:{&#8220;id&#8220;:&#8220;Overlay color&#8220;,&#8220;color&#8220;:&#8220;rgba(21,20,36,0.5)&#8220;}}&#8221; el_design=&#8221;{&#8220;desktop&#8220;:{&#8220;padding-top&#8220;:&#8220;95&#8220;,&#8220;padding-bottom&#8220;:&#8220;60&#8220;}}&#8221;][vc_column el_design=&#8221;{&#8220;desktop&#8220;:{&#8220;padding-top&#8220;:&#8220;15&#8220;,&#8220;padding-right&#8220;:&#8220;15&#8220;,&#8220;padding-bottom&#8220;:&#8220;15&#8220;,&#8220;padding-left&#8220;:&#8220;15&#8220;}}&#8221; css_animation=&#8221;&#8221;][vc_heading heading_text=&#8221;Auftragsfertigung&#8221; heading_wrapper=&#8221;h1&#8243; heading_color=&#8221;{&#8220;solid&#8220;:{&#8220;id&#8220;:&#8220;custom_3715609566673309&#8220;,&#8220;color&#8220;:&#8220;#ffffff&#8220;}}&#8221; heading_typography=&#8221;{&#8220;variants&#8220;:&#8220;500&#8220;,&#8220;font_size&#8220;:&#8220;50px&#8220;,&#8220;line_height&#8220;:&#8220;1.2em&#8220;}&#8221; responsiveness=&#8221;yes&#8221; tablet_portrait=&#8221;100&#8243; mobile_landscape=&#8221;85&#8243; mobile_portrait=&#8221;75&#8243; css_animation=&#8221;wtbx-anim-bottom-to-top-small&#8221; css_animation_easing=&#8221;wtbx_easing-natural&#8221; css_animation_duration=&#8221;wtbx-duration-700&#8243; css_animation_delay=&#8221;&#8221;][vc_empty_space height=&#8221;5px&#8221; mobile_landscape=&#8221;15&#8243;][vc_heading heading_text=&#8221;Handiron, Promek Plus und Mixmek&#8221; heading_wrapper=&#8221;p&#8221; heading_color=&#8221;{&#8220;solid&#8220;:{&#8220;id&#8220;:&#8220;custom_color&#8220;,&#8220;color&#8220;:&#8220;rgba(255,255,255,0.5)&#8220;}}&#8221; heading_typography=&#8221;{&#8220;variants&#8220;:&#8220;500&#8220;,&#8220;transform&#8220;:&#8220;uppercase&#8220;,&#8220;font_size&#8220;:&#8220;12px&#8220;,&#8220;letter_spacing&#8220;:&#8220;0.1em&#8220;}&#8221; css_animation=&#8221;wtbx-anim-bottom-to-top-small&#8221; css_animation_easing=&#8221;wtbx_easing-natural&#8221; css_animation_duration=&#8221;wtbx-duration-800&#8243; css_animation_delay=&#8221;wtbx-delay-100&#8243;][\/vc_column][\/vc_row][vc_row nav_skin=&#8221;light&#8221; consent_include=&#8221;include&#8221; el_design=&#8221;{&#8220;desktop&#8220;:{&#8220;margin-top&#8220;:&#8220;50px&#8220;,&#8220;margin-bottom&#8220;:&#8220;50px&#8220;}}&#8221;][vc_column width=&#8221;1\/2&#8243; css_animation=&#8221;&#8221;][vc_text_element css_animation=&#8221;&#8221;]<\/p>\n<p align=\"justify\">\u201eWer sich dauerhaft einen Wettbewerbsvorteil am Markt verschaffen will, gr\u00fcndet seine eigene Marke.\u201c<\/p>\n<p align=\"justify\"><strong>Dismek Kimyevi Maddeler<\/strong> kombiniert seine Erfahrung in der Produktion mit seinen umfangreichen Rohstoffverbindungen und hohen Produktionskapazit\u00e4ten und teilt sie mit vielen Unternehmen der Branche, indem es Auftragsfertigung mit eigenen Marken durchf\u00fchrt .<\/p>\n<p align=\"justify\">Seit 2018 betr\u00e4gt die Zahl der Unternehmen, f\u00fcr die wir Auftragsfertigungen in der T\u00fcrkei und im Ausland durchf\u00fchren, fast 65. Hinter diesem Erfolg steckt die historische Koeffizientenplanung in den Bestellungen unserer Kunden und die entsprechende Vorbereitung der Verpackung im Voraus, die Lagerhaltung in ihrem Namen und unsere operative Strategie-CRM-Infrastruktur.<\/p>\n<p align=\"justify\"><strong>Die Auftragsfertigung besteht f\u00fcr uns aus zwei Phasen.<\/strong><\/p>\n<ol>\n<li>Vorbereitung<\/li>\n<li>Produktion<\/li>\n<\/ol>\n<p align=\"justify\">In der Vorbereitungsphase werden die Produktmodellierung, notwendige Dokumentenantr\u00e4ge und das Design von unserem Fachpersonal in kurzer Zeit durchgef\u00fchrt und anschlie\u00dfend unseren Kunden zur Genehmigung vorgelegt. Dann wird mit der Produktion begonnen und die Lieferung erfolgt.<\/p>\n<p align=\"justify\"><strong>Unsere Frist f\u00fcr die erste Auftragsfertigung ist in etwa einem Monat abgeschlossen.<\/strong><\/p>\n<p align=\"justify\">Die weiteren Bestellschritte eines Produktes, das die Produktion durchlaufen hat, erfolgen sehr einfach und schnell. Die von uns erbrachten Dienstleistungen haben schon immer dazu gef\u00fchrt, dass unsere Kunden unterschiedliche Produkte mit ihren eigenen Marken nachfragten.<\/p>\n<p align=\"justify\">Qualit\u00e4t, Vertrauen, Erfahrung und schnelle Lieferung sind unsere gr\u00f6\u00dften St\u00e4rken. Wenn Sie sich einen Wettbewerbsvorteil auf dem Markt verschaffen m\u00f6chten, lassen Sie nicht zu sp\u00e4t Produkte f\u00fcr Ihre Marke herstellen&#8230;<\/p>\n<p>[\/vc_text_element][\/vc_column][vc_column width=&#8221;1\/2&#8243; css_animation=&#8221;&#8221;][vc_single_image image=&#8221;10675&#8243; img_size=&#8221;full&#8221; alignment=&#8221;center&#8221; style=&#8221;vc_box_outline&#8221; css=&#8221;&#8221;][vc_single_image image=&#8221;10682&#8243; img_size=&#8221;full&#8221; alignment=&#8221;center&#8221; css=&#8221;.vc_custom_1731842855246{margin-top: 20px !important;}&#8221;][\/vc_column][\/vc_row]<\/p>\n<\/div>","protected":false},"excerpt":{"rendered":"<p>[vc_row row_height_type=&#8221;fixed_height_screen&#8221; height=&#8221;0&#8243; min_height=&#8221;250&#8243; content_placement=&#8221;middle&#8221; custom_bg_type=&#8221;image&#8221; custom_bg_cover=&#8221;cover&#8221; custom_bg_repeat=&#8221;no-repeat&#8221; custom_bg_position=&#8221;Center top&#8221; textalign=&#8221;align_center&#8221; fadeout=&#8221;wtbx-fadeout&#8221; nav_skin=&#8221;light&#8221; disable_fixed_height=&#8221;tablet_portrait&#8221; consent_include=&#8221;include&#8221; equal_height=&#8221;true&#8221; custom_bg_color=&#8221;{&#8220;solid&#8220;:{&#8220;id&#8220;:&#8220;Dark color&#8220;,&#8220;color&#8220;:&#8220;#151221&#8220;}}&#8221; custom_bg_image=&#8221;10445&#8243; overlay_color=&#8221;{&#8220;solid&#8220;:{&#8220;id&#8220;:&#8220;Overlay color&#8220;,&#8220;color&#8220;:&#8220;rgba(21,20,36,0.5)&#8220;}}&#8221; el_design=&#8221;{&#8220;desktop&#8220;:{&#8220;padding-top&#8220;:&#8220;95&#8220;,&#8220;padding-bottom&#8220;:&#8220;60&#8220;}}&#8221;][vc_column el_design=&#8221;{&#8220;desktop&#8220;:{&#8220;padding-top&#8220;:&#8220;15&#8220;,&#8220;padding-right&#8220;:&#8220;15&#8220;,&#8220;padding-bottom&#8220;:&#8220;15&#8220;,&#8220;padding-left&#8220;:&#8220;15&#8220;}}&#8221; css_animation=&#8221;&#8221;][vc_heading heading_text=&#8221;Auftragsfertigung&#8221; heading_wrapper=&#8221;h1&#8243; heading_color=&#8221;{&#8220;solid&#8220;:{&#8220;id&#8220;:&#8220;custom_3715609566673309&#8220;,&#8220;color&#8220;:&#8220;#ffffff&#8220;}}&#8221; heading_typography=&#8221;{&#8220;variants&#8220;:&#8220;500&#8220;,&#8220;font_size&#8220;:&#8220;50px&#8220;,&#8220;line_height&#8220;:&#8220;1.2em&#8220;}&#8221; responsiveness=&#8221;yes&#8221; tablet_portrait=&#8221;100&#8243; mobile_landscape=&#8221;85&#8243; mobile_portrait=&#8221;75&#8243; css_animation=&#8221;wtbx-anim-bottom-to-top-small&#8221; css_animation_easing=&#8221;wtbx_easing-natural&#8221; css_animation_duration=&#8221;wtbx-duration-700&#8243; css_animation_delay=&#8221;&#8221;][vc_empty_space height=&#8221;5px&#8221; mobile_landscape=&#8221;15&#8243;][vc_heading heading_text=&#8221;Handiron, Promek Plus und Mixmek&#8221; heading_wrapper=&#8221;p&#8221; heading_color=&#8221;{&#8220;solid&#8220;:{&#8220;id&#8220;:&#8220;custom_color&#8220;,&#8220;color&#8220;:&#8220;rgba(255,255,255,0.5)&#8220;}}&#8221; heading_typography=&#8221;{&#8220;variants&#8220;:&#8220;500&#8220;,&#8220;transform&#8220;:&#8220;uppercase&#8220;,&#8220;font_size&#8220;:&#8220;12px&#8220;,&#8220;letter_spacing&#8220;:&#8220;0.1em&#8220;}&#8221; css_animation=&#8221;wtbx-anim-bottom-to-top-small&#8221; css_animation_easing=&#8221;wtbx_easing-natural&#8221; css_animation_duration=&#8221;wtbx-duration-800&#8243; css_animation_delay=&#8221;wtbx-delay-100&#8243;][\/vc_column][\/vc_row][vc_row nav_skin=&#8221;light&#8221; consent_include=&#8221;include&#8221; el_design=&#8221;{&#8220;desktop&#8220;:{&#8220;margin-top&#8220;:&#8220;50px&#8220;,&#8220;margin-bottom&#8220;:&#8220;50px&#8220;}}&#8221;][vc_column width=&#8221;1\/2&#8243; css_animation=&#8221;&#8221;][vc_text_element css_animation=&#8221;&#8221;] \u201eWer sich dauerhaft einen Wettbewerbsvorteil am Markt verschaffen will, gr\u00fcndet seine eigene Marke.\u201c Dismek Kimyevi Maddeler kombiniert seine Erfahrung [&hellip;]<\/p>\n","protected":false},"author":1,"featured_media":0,"parent":0,"menu_order":0,"comment_status":"closed","ping_status":"closed","template":"","meta":{"footnotes":""},"class_list":["post-10844","page","type-page","status-publish","hentry"],"yoast_head":"<!-- This site is optimized with the Yoast SEO Premium plugin v19.3 (Yoast SEO v24.2) - https:\/\/yoast.com\/wordpress\/plugins\/seo\/ -->\n<title>Auftragsfertigung - Dismek<\/title>\n<meta name=\"robots\" content=\"index, follow, max-snippet:-1, max-image-preview:large, max-video-preview:-1\" \/>\n<link rel=\"canonical\" href=\"https:\/\/dismek.com.tr\/de\/auftragsfertigung\/\" \/>\n<meta property=\"og:locale\" content=\"de_DE\" \/>\n<meta property=\"og:type\" content=\"article\" \/>\n<meta property=\"og:title\" content=\"Auftragsfertigung\" \/>\n<meta property=\"og:description\" content=\"[vc_row row_height_type=&#8221;fixed_height_screen&#8221; height=&#8221;0&#8243; min_height=&#8221;250&#8243; content_placement=&#8221;middle&#8221; custom_bg_type=&#8221;image&#8221; custom_bg_cover=&#8221;cover&#8221; custom_bg_repeat=&#8221;no-repeat&#8221; custom_bg_position=&#8221;Center top&#8221; textalign=&#8221;align_center&#8221; fadeout=&#8221;wtbx-fadeout&#8221; nav_skin=&#8221;light&#8221; disable_fixed_height=&#8221;tablet_portrait&#8221; consent_include=&#8221;include&#8221; equal_height=&#8221;true&#8221; custom_bg_color=&#8221;{&#8220;solid&#8220;:{&#8220;id&#8220;:&#8220;Dark color&#8220;,&#8220;color&#8220;:&#8220;#151221&#8220;}}&#8221; custom_bg_image=&#8221;10445&#8243; overlay_color=&#8221;{&#8220;solid&#8220;:{&#8220;id&#8220;:&#8220;Overlay color&#8220;,&#8220;color&#8220;:&#8220;rgba(21,20,36,0.5)&#8220;}}&#8221; el_design=&#8221;{&#8220;desktop&#8220;:{&#8220;padding-top&#8220;:&#8220;95&#8220;,&#8220;padding-bottom&#8220;:&#8220;60&#8220;}}&#8221;][vc_column el_design=&#8221;{&#8220;desktop&#8220;:{&#8220;padding-top&#8220;:&#8220;15&#8220;,&#8220;padding-right&#8220;:&#8220;15&#8220;,&#8220;padding-bottom&#8220;:&#8220;15&#8220;,&#8220;padding-left&#8220;:&#8220;15&#8220;}}&#8221; css_animation=&#8221;&#8221;][vc_heading heading_text=&#8221;Auftragsfertigung&#8221; heading_wrapper=&#8221;h1&#8243; heading_color=&#8221;{&#8220;solid&#8220;:{&#8220;id&#8220;:&#8220;custom_3715609566673309&#8220;,&#8220;color&#8220;:&#8220;#ffffff&#8220;}}&#8221; heading_typography=&#8221;{&#8220;variants&#8220;:&#8220;500&#8220;,&#8220;font_size&#8220;:&#8220;50px&#8220;,&#8220;line_height&#8220;:&#8220;1.2em&#8220;}&#8221; responsiveness=&#8221;yes&#8221; tablet_portrait=&#8221;100&#8243; mobile_landscape=&#8221;85&#8243; mobile_portrait=&#8221;75&#8243; css_animation=&#8221;wtbx-anim-bottom-to-top-small&#8221; css_animation_easing=&#8221;wtbx_easing-natural&#8221; css_animation_duration=&#8221;wtbx-duration-700&#8243; css_animation_delay=&#8221;&#8221;][vc_empty_space height=&#8221;5px&#8221; mobile_landscape=&#8221;15&#8243;][vc_heading heading_text=&#8221;Handiron, Promek Plus und Mixmek&#8221; heading_wrapper=&#8221;p&#8221; heading_color=&#8221;{&#8220;solid&#8220;:{&#8220;id&#8220;:&#8220;custom_color&#8220;,&#8220;color&#8220;:&#8220;rgba(255,255,255,0.5)&#8220;}}&#8221; heading_typography=&#8221;{&#8220;variants&#8220;:&#8220;500&#8220;,&#8220;transform&#8220;:&#8220;uppercase&#8220;,&#8220;font_size&#8220;:&#8220;12px&#8220;,&#8220;letter_spacing&#8220;:&#8220;0.1em&#8220;}&#8221; css_animation=&#8221;wtbx-anim-bottom-to-top-small&#8221; css_animation_easing=&#8221;wtbx_easing-natural&#8221; css_animation_duration=&#8221;wtbx-duration-800&#8243; css_animation_delay=&#8221;wtbx-delay-100&#8243;][\/vc_column][\/vc_row][vc_row nav_skin=&#8221;light&#8221; consent_include=&#8221;include&#8221; el_design=&#8221;{&#8220;desktop&#8220;:{&#8220;margin-top&#8220;:&#8220;50px&#8220;,&#8220;margin-bottom&#8220;:&#8220;50px&#8220;}}&#8221;][vc_column width=&#8221;1\/2&#8243; css_animation=&#8221;&#8221;][vc_text_element css_animation=&#8221;&#8221;] \u201eWer sich dauerhaft einen Wettbewerbsvorteil am Markt verschaffen will, gr\u00fcndet seine eigene Marke.\u201c Dismek Kimyevi Maddeler kombiniert seine Erfahrung [&hellip;]\" \/>\n<meta property=\"og:url\" content=\"https:\/\/dismek.com.tr\/de\/auftragsfertigung\/\" \/>\n<meta property=\"og:site_name\" content=\"Dismek\" \/>\n<meta property=\"article:modified_time\" content=\"2025-01-04T10:11:20+00:00\" \/>\n<meta name=\"twitter:card\" content=\"summary_large_image\" \/>\n<meta name=\"twitter:label1\" content=\"Gesch\u00e4tzte Lesezeit\" \/>\n\t<meta name=\"twitter:data1\" content=\"3\u00a0Minuten\" \/>\n<script type=\"application\/ld+json\" class=\"yoast-schema-graph\">{\"@context\":\"https:\/\/schema.org\",\"@graph\":[{\"@type\":\"WebPage\",\"@id\":\"https:\/\/dismek.com.tr\/de\/auftragsfertigung\/\",\"url\":\"https:\/\/dismek.com.tr\/de\/auftragsfertigung\/\",\"name\":\"Auftragsfertigung - Dismek\",\"isPartOf\":{\"@id\":\"https:\/\/dismek.com.tr\/#website\"},\"datePublished\":\"2018-02-06T08:06:40+00:00\",\"dateModified\":\"2025-01-04T10:11:20+00:00\",\"breadcrumb\":{\"@id\":\"https:\/\/dismek.com.tr\/de\/auftragsfertigung\/#breadcrumb\"},\"inLanguage\":\"de\",\"potentialAction\":[{\"@type\":\"ReadAction\",\"target\":[\"https:\/\/dismek.com.tr\/de\/auftragsfertigung\/\"]}]},{\"@type\":\"BreadcrumbList\",\"@id\":\"https:\/\/dismek.com.tr\/de\/auftragsfertigung\/#breadcrumb\",\"itemListElement\":[{\"@type\":\"ListItem\",\"position\":1,\"name\":\"Home\",\"item\":\"https:\/\/dismek.com.tr\/de\/\"},{\"@type\":\"ListItem\",\"position\":2,\"name\":\"Auftragsfertigung\"}]},{\"@type\":\"WebSite\",\"@id\":\"https:\/\/dismek.com.tr\/#website\",\"url\":\"https:\/\/dismek.com.tr\/\",\"name\":\"Dismek\",\"description\":\"\",\"potentialAction\":[{\"@type\":\"SearchAction\",\"target\":{\"@type\":\"EntryPoint\",\"urlTemplate\":\"https:\/\/dismek.com.tr\/?s={search_term_string}\"},\"query-input\":{\"@type\":\"PropertyValueSpecification\",\"valueRequired\":true,\"valueName\":\"search_term_string\"}}],\"inLanguage\":\"de\"}]}<\/script>\n<!-- \/ Yoast SEO Premium plugin. -->","yoast_head_json":{"title":"Auftragsfertigung - Dismek","robots":{"index":"index","follow":"follow","max-snippet":"max-snippet:-1","max-image-preview":"max-image-preview:large","max-video-preview":"max-video-preview:-1"},"canonical":"https:\/\/dismek.com.tr\/de\/auftragsfertigung\/","og_locale":"de_DE","og_type":"article","og_title":"Auftragsfertigung","og_description":"[vc_row row_height_type=&#8221;fixed_height_screen&#8221; height=&#8221;0&#8243; min_height=&#8221;250&#8243; content_placement=&#8221;middle&#8221; custom_bg_type=&#8221;image&#8221; custom_bg_cover=&#8221;cover&#8221; custom_bg_repeat=&#8221;no-repeat&#8221; custom_bg_position=&#8221;Center top&#8221; textalign=&#8221;align_center&#8221; fadeout=&#8221;wtbx-fadeout&#8221; nav_skin=&#8221;light&#8221; disable_fixed_height=&#8221;tablet_portrait&#8221; consent_include=&#8221;include&#8221; equal_height=&#8221;true&#8221; custom_bg_color=&#8221;{&#8220;solid&#8220;:{&#8220;id&#8220;:&#8220;Dark color&#8220;,&#8220;color&#8220;:&#8220;#151221&#8220;}}&#8221; custom_bg_image=&#8221;10445&#8243; overlay_color=&#8221;{&#8220;solid&#8220;:{&#8220;id&#8220;:&#8220;Overlay color&#8220;,&#8220;color&#8220;:&#8220;rgba(21,20,36,0.5)&#8220;}}&#8221; el_design=&#8221;{&#8220;desktop&#8220;:{&#8220;padding-top&#8220;:&#8220;95&#8220;,&#8220;padding-bottom&#8220;:&#8220;60&#8220;}}&#8221;][vc_column el_design=&#8221;{&#8220;desktop&#8220;:{&#8220;padding-top&#8220;:&#8220;15&#8220;,&#8220;padding-right&#8220;:&#8220;15&#8220;,&#8220;padding-bottom&#8220;:&#8220;15&#8220;,&#8220;padding-left&#8220;:&#8220;15&#8220;}}&#8221; css_animation=&#8221;&#8221;][vc_heading heading_text=&#8221;Auftragsfertigung&#8221; heading_wrapper=&#8221;h1&#8243; heading_color=&#8221;{&#8220;solid&#8220;:{&#8220;id&#8220;:&#8220;custom_3715609566673309&#8220;,&#8220;color&#8220;:&#8220;#ffffff&#8220;}}&#8221; heading_typography=&#8221;{&#8220;variants&#8220;:&#8220;500&#8220;,&#8220;font_size&#8220;:&#8220;50px&#8220;,&#8220;line_height&#8220;:&#8220;1.2em&#8220;}&#8221; responsiveness=&#8221;yes&#8221; tablet_portrait=&#8221;100&#8243; mobile_landscape=&#8221;85&#8243; mobile_portrait=&#8221;75&#8243; css_animation=&#8221;wtbx-anim-bottom-to-top-small&#8221; css_animation_easing=&#8221;wtbx_easing-natural&#8221; css_animation_duration=&#8221;wtbx-duration-700&#8243; css_animation_delay=&#8221;&#8221;][vc_empty_space height=&#8221;5px&#8221; mobile_landscape=&#8221;15&#8243;][vc_heading heading_text=&#8221;Handiron, Promek Plus und Mixmek&#8221; heading_wrapper=&#8221;p&#8221; heading_color=&#8221;{&#8220;solid&#8220;:{&#8220;id&#8220;:&#8220;custom_color&#8220;,&#8220;color&#8220;:&#8220;rgba(255,255,255,0.5)&#8220;}}&#8221; heading_typography=&#8221;{&#8220;variants&#8220;:&#8220;500&#8220;,&#8220;transform&#8220;:&#8220;uppercase&#8220;,&#8220;font_size&#8220;:&#8220;12px&#8220;,&#8220;letter_spacing&#8220;:&#8220;0.1em&#8220;}&#8221; css_animation=&#8221;wtbx-anim-bottom-to-top-small&#8221; css_animation_easing=&#8221;wtbx_easing-natural&#8221; css_animation_duration=&#8221;wtbx-duration-800&#8243; css_animation_delay=&#8221;wtbx-delay-100&#8243;][\/vc_column][\/vc_row][vc_row nav_skin=&#8221;light&#8221; consent_include=&#8221;include&#8221; el_design=&#8221;{&#8220;desktop&#8220;:{&#8220;margin-top&#8220;:&#8220;50px&#8220;,&#8220;margin-bottom&#8220;:&#8220;50px&#8220;}}&#8221;][vc_column width=&#8221;1\/2&#8243; css_animation=&#8221;&#8221;][vc_text_element css_animation=&#8221;&#8221;] \u201eWer sich dauerhaft einen Wettbewerbsvorteil am Markt verschaffen will, gr\u00fcndet seine eigene Marke.\u201c Dismek Kimyevi Maddeler kombiniert seine Erfahrung [&hellip;]","og_url":"https:\/\/dismek.com.tr\/de\/auftragsfertigung\/","og_site_name":"Dismek","article_modified_time":"2025-01-04T10:11:20+00:00","twitter_card":"summary_large_image","twitter_misc":{"Gesch\u00e4tzte Lesezeit":"3\u00a0Minuten"},"schema":{"@context":"https:\/\/schema.org","@graph":[{"@type":"WebPage","@id":"https:\/\/dismek.com.tr\/de\/auftragsfertigung\/","url":"https:\/\/dismek.com.tr\/de\/auftragsfertigung\/","name":"Auftragsfertigung - Dismek","isPartOf":{"@id":"https:\/\/dismek.com.tr\/#website"},"datePublished":"2018-02-06T08:06:40+00:00","dateModified":"2025-01-04T10:11:20+00:00","breadcrumb":{"@id":"https:\/\/dismek.com.tr\/de\/auftragsfertigung\/#breadcrumb"},"inLanguage":"de","potentialAction":[{"@type":"ReadAction","target":["https:\/\/dismek.com.tr\/de\/auftragsfertigung\/"]}]},{"@type":"BreadcrumbList","@id":"https:\/\/dismek.com.tr\/de\/auftragsfertigung\/#breadcrumb","itemListElement":[{"@type":"ListItem","position":1,"name":"Home","item":"https:\/\/dismek.com.tr\/de\/"},{"@type":"ListItem","position":2,"name":"Auftragsfertigung"}]},{"@type":"WebSite","@id":"https:\/\/dismek.com.tr\/#website","url":"https:\/\/dismek.com.tr\/","name":"Dismek","description":"","potentialAction":[{"@type":"SearchAction","target":{"@type":"EntryPoint","urlTemplate":"https:\/\/dismek.com.tr\/?s={search_term_string}"},"query-input":{"@type":"PropertyValueSpecification","valueRequired":true,"valueName":"search_term_string"}}],"inLanguage":"de"}]}},"_links":{"self":[{"href":"https:\/\/dismek.com.tr\/de\/wp-json\/wp\/v2\/pages\/10844","targetHints":{"allow":["GET"]}}],"collection":[{"href":"https:\/\/dismek.com.tr\/de\/wp-json\/wp\/v2\/pages"}],"about":[{"href":"https:\/\/dismek.com.tr\/de\/wp-json\/wp\/v2\/types\/page"}],"author":[{"embeddable":true,"href":"https:\/\/dismek.com.tr\/de\/wp-json\/wp\/v2\/users\/1"}],"replies":[{"embeddable":true,"href":"https:\/\/dismek.com.tr\/de\/wp-json\/wp\/v2\/comments?post=10844"}],"version-history":[{"count":2,"href":"https:\/\/dismek.com.tr\/de\/wp-json\/wp\/v2\/pages\/10844\/revisions"}],"predecessor-version":[{"id":10955,"href":"https:\/\/dismek.com.tr\/de\/wp-json\/wp\/v2\/pages\/10844\/revisions\/10955"}],"wp:attachment":[{"href":"https:\/\/dismek.com.tr\/de\/wp-json\/wp\/v2\/media?parent=10844"}],"curies":[{"name":"wp","href":"https:\/\/api.w.org\/{rel}","templated":true}]}}