{"id":10887,"date":"2018-01-24T20:29:11","date_gmt":"2018-01-24T17:29:11","guid":{"rendered":"https:\/\/dismek.com.tr\/?page_id=10887"},"modified":"2025-01-04T13:05:22","modified_gmt":"2025-01-04T10:05:22","slug":"fe-und-innovation","status":"publish","type":"page","link":"https:\/\/dismek.com.tr\/de\/fe-und-innovation\/","title":{"rendered":"F&#038;E und Innovation"},"content":{"rendered":"<div class=\"wpb-content-wrapper\"><p>[vc_row min_height=&#8221;350&#8243; content_placement=&#8221;middle&#8221; custom_bg_type=&#8221;image&#8221; custom_bg_cover=&#8221;cover&#8221; custom_bg_repeat=&#8221;no-repeat&#8221; custom_bg_position=&#8221;Center center&#8221; nav_skin=&#8221;light&#8221; consent_include=&#8221;include&#8221; equal_height=&#8221;true&#8221; el_design=&#8221;{&#8220;desktop&#8220;:{&#8220;padding-top&#8220;:&#8220;90&#8220;,&#8220;padding-bottom&#8220;:&#8220;60&#8220;}}&#8221; custom_bg_color=&#8221;{&#8220;solid&#8220;:{&#8220;id&#8220;:&#8220;Dark color&#8220;,&#8220;color&#8220;:&#8220;#151221&#8220;}}&#8221; overlay_color=&#8221;{&#8220;dir&#8220;:&#8220;to top&#8220;,&#8220;from&#8220;:{&#8220;id&#8220;:&#8220;custom_color&#8220;,&#8220;color&#8220;:&#8220;rgba(21,20,36,0.9)&#8220;},&#8220;to&#8220;:{&#8220;id&#8220;:&#8220;custom_color&#8220;,&#8220;color&#8220;:&#8220;rgba(21,20,36,0.5)&#8220;}}&#8221; custom_bg_image=&#8221;10496&#8243;][vc_column el_design=&#8221;{&#8220;desktop&#8220;:{&#8220;padding-top&#8220;:&#8220;15&#8220;,&#8220;padding-right&#8220;:&#8220;15&#8220;,&#8220;padding-bottom&#8220;:&#8220;15&#8220;,&#8220;padding-left&#8220;:&#8220;15&#8220;}}&#8221; width=&#8221;1\/2&#8243; css_animation=&#8221;&#8221; offset=&#8221;vc_col-md-8&#8243;][vc_heading heading_text=&#8221;F&amp;E und Innovation&#8221; heading_wrapper=&#8221;h1&#8243; heading_color=&#8221;{&#8220;solid&#8220;:{&#8220;id&#8220;:&#8220;custom_1334459184315555&#8220;,&#8220;color&#8220;:&#8220;rgba(255,255,255,1)&#8220;}}&#8221; heading_typography=&#8221;{&#8220;font_size&#8220;:&#8220;40px&#8220;}&#8221; css_animation=&#8221;&#8221;][vc_text_element typography=&#8221;{&#8220;variants&#8220;:&#8220;500&#8220;,&#8220;font_size&#8220;:&#8220;18px&#8220;}&#8221; disable_margin=&#8221;yes&#8221; css_animation=&#8221;&#8221; color=&#8221;{&#8220;id&#8220;:&#8220;custom_color&#8220;,&#8220;color&#8220;:&#8220;rgba(255,255,255,0.5)&#8220;}&#8221;]Dismek Forschungs und Entwicklungsteam&#8230;[\/vc_text_element][\/vc_column][\/vc_row][vc_row nav_skin=&#8221;light&#8221; consent_include=&#8221;include&#8221; el_design=&#8221;{&#8220;desktop&#8220;:{&#8220;padding-top&#8220;:&#8220;60&#8220;,&#8220;padding-bottom&#8220;:&#8220;60&#8220;}}&#8221;][vc_column width=&#8221;1\/2&#8243; css_animation=&#8221;&#8221;][vc_heading heading_text=&#8221;Forschung und Entwicklung&#8221; heading_wrapper=&#8221;h3&#8243; heading_typography=&#8221;{&#8220;variants&#8220;:&#8220;600&#8220;,&#8220;font_size&#8220;:&#8220;20px&#8220;}&#8221; css_animation=&#8221;&#8221;][vc_text_element typography=&#8221;{&#8220;font_size&#8220;:&#8220;16px&#8220;}&#8221; css_animation=&#8221;&#8221;]<\/p>\n<p align=\"justify\">F\u00fcr den nachhaltigen Erfolg unseres Unternehmens pr\u00fcfen wir die Forschungs- und Entwicklungsinformationen aus aller Welt in unserem Link \u201e<strong>Ideenecke<\/strong>\u201c. Wir arbeiten mit Experten innerhalb und au\u00dferhalb des Unternehmens zusammen, um unser Produktportfolio zu erweitern und neue M\u00e4rkte zu erschlie\u00dfen.<\/p>\n<p align=\"justify\">Dar\u00fcber hinaus laden wir gem\u00e4\u00df der Philosophie, dass Qualit\u00e4tsproduktion mit Qualit\u00e4tsrohstoffen erreicht wird, die Rohstoffe, die wir erhalten, nicht in Silos, ohne sie in unseren Labors zu testen. Denn jeder Rohstoff, der bei <strong>Dismek Chemische Substanzen<\/strong>\u00a0eintrifft, wird einer QUALIT\u00c4TSKONTROLLE unterzogen, bevor er in die Produktionslinien gelangt.<\/p>\n<p>[\/vc_text_element][vc_empty_space][vc_heading heading_text=&#8221;\u0130novasyon&#8221; heading_wrapper=&#8221;h3&#8243; alignment=&#8221;align_left&#8221; heading_typography=&#8221;{&#8220;variants&#8220;:&#8220;600&#8220;,&#8220;font_size&#8220;:&#8220;20px&#8220;}&#8221; css_animation=&#8221;&#8221;][vc_text_element typography=&#8221;{&#8220;font_size&#8220;:&#8220;16px&#8220;}&#8221; css_animation=&#8221;&#8221;]<\/p>\n<p style=\"text-align: justify;\"><strong>Dismek Chemische Substanzen<\/strong>setzt seine Innovationsbem\u00fchungen ohne Unterlass fort, um verschiedene, vielf\u00e4ltige, neue Ideen zu entwickeln und umzusetzen. Da produzierende Unternehmen wie wir sowohl Produkte als auch Dienstleistungen in der globalen Welt vermarkten, ist Innovation der Schl\u00fcssel zum \u00dcberleben und zur Wettbewerbsf\u00e4higkeit.<\/p>\n<p style=\"text-align: justify;\">Denn: Es f\u00fchrt Forschung durch, um bisher ungel\u00f6ste Probleme zu l\u00f6sen oder bisher unerf\u00fcllte Bed\u00fcrfnisse zu erf\u00fcllen. Dar\u00fcber hinaus zielt unsere Forschung darauf ab, viele bestehende Produkte und Dienstleistungen sch\u00f6ner, n\u00fctzlicher und f\u00fcr mehr Menschen n\u00fctzlicher zu machen. Unser Unternehmen unternimmt Innovationsbem\u00fchungen, indem es diese Ideen in die Praxis umsetzt und Produkte, Dienstleistungen oder Gesch\u00e4ftsmethoden entwickelt und dann mit dem Verkauf dieser Produkte und Dienstleistungen oder der Implementierung von Gesch\u00e4ftsmethoden beginnt.<\/p>\n<p>[\/vc_text_element][\/vc_column][vc_column el_design=&#8221;{&#8220;desktop&#8220;:{&#8220;padding-top&#8220;:&#8220;0&#8220;,&#8220;padding-right&#8220;:&#8220;0&#8220;,&#8220;padding-bottom&#8220;:&#8220;0&#8220;,&#8220;padding-left&#8220;:&#8220;0&#8220;}}&#8221; width=&#8221;1\/2&#8243; css_animation=&#8221;&#8221;][vc_row_inner consent_include=&#8221;include&#8221;][vc_column_inner el_design=&#8221;{&#8220;desktop&#8220;:{&#8220;padding-top&#8220;:&#8220;15&#8220;,&#8220;padding-right&#8220;:&#8220;15&#8220;,&#8220;padding-bottom&#8220;:&#8220;15&#8220;,&#8220;padding-left&#8220;:&#8220;15&#8220;}}&#8221; width=&#8221;1\/2&#8243; css_animation=&#8221;&#8221; offset=&#8221;vc_col-md-12&#8243;][vc_content_box style=&#8221;style_1&#8243; hover_anim=&#8221;hover_disable&#8221; overflow=&#8221;&#8221; el_design=&#8221;{&#8220;desktop&#8220;:{&#8220;padding-top&#8220;:&#8220;30&#8220;,&#8220;padding-right&#8220;:&#8220;30&#8220;,&#8220;padding-bottom&#8220;:&#8220;30&#8220;,&#8220;padding-left&#8220;:&#8220;30&#8220;}}&#8221; equal_height=&#8221;&#8221; alignment=&#8221;&#8221; vertical_align=&#8221;&#8221; horizontal_align=&#8221;&#8221; css_animation=&#8221;&#8221; bg_color=&#8221;{&#8220;solid&#8220;:{&#8220;id&#8220;:&#8220;Light background&#8220;,&#8220;color&#8220;:&#8220;#f7f8fd&#8220;}}&#8221;][vc_single_image image=&#8221;10491&#8243; img_size=&#8221;full&#8221; css=&#8221;&#8221;][vc_text_element typography=&#8221;{&#8220;variants&#8220;:&#8220;600&#8220;,&#8220;font_size&#8220;:&#8220;16px&#8220;}&#8221; disable_margin=&#8221;yes&#8221; css_animation=&#8221;&#8221; color=&#8221;{&#8220;id&#8220;:&#8220;Dark color&#8220;,&#8220;color&#8220;:&#8220;#151221&#8220;}&#8221;]<\/p>\n<p style=\"margin-top: 5px;\">Sie stellen es sich vor! Wir machen es m\u00f6glich!<\/p>\n<p>[\/vc_text_element][vc_text_element typography=&#8221;{&#8220;font_size&#8220;:&#8220;14px&#8220;}&#8221; css_animation=&#8221;&#8221;]<\/p>\n<p align=\"justify\">Als Dismek Chemikalien ber\u00fccksichtigen wir Ihre Vorschl\u00e4ge und Bed\u00fcrfnisse unter dem Titel \u201e<strong>IDEENECKE<\/strong>\u201c, um Ihre Tr\u00e4ume m\u00f6glicherweise mit unseren Beitr\u00e4gen zu verwirklichen, indem wir unter dem Titel Innovation an Sie, unsere gesch\u00e4tzten B\u00fcrger, denken.<\/p>\n<p>[\/vc_text_element][\/vc_content_box][\/vc_column_inner][vc_column_inner el_design=&#8221;{&#8220;desktop&#8220;:{&#8220;padding-top&#8220;:&#8220;15&#8220;,&#8220;padding-right&#8220;:&#8220;15&#8220;,&#8220;padding-bottom&#8220;:&#8220;15&#8220;,&#8220;padding-left&#8220;:&#8220;15&#8220;}}&#8221; width=&#8221;1\/2&#8243; css_animation=&#8221;&#8221; offset=&#8221;vc_col-md-12&#8243;][vc_content_box style=&#8221;style_1&#8243; hover_anim=&#8221;hover_disable&#8221; overflow=&#8221;&#8221; el_design=&#8221;{&#8220;desktop&#8220;:{&#8220;padding-top&#8220;:&#8220;30&#8220;,&#8220;padding-right&#8220;:&#8220;30&#8220;,&#8220;padding-bottom&#8220;:&#8220;30&#8220;,&#8220;padding-left&#8220;:&#8220;30&#8220;}}&#8221; equal_height=&#8221;&#8221; alignment=&#8221;&#8221; vertical_align=&#8221;&#8221; horizontal_align=&#8221;&#8221; css_animation=&#8221;&#8221;][vc_text_element typography=&#8221;{&#8220;variants&#8220;:&#8220;600&#8220;,&#8220;font_size&#8220;:&#8220;16px&#8220;}&#8221; disable_margin=&#8221;yes&#8221; css_animation=&#8221;&#8221; color=&#8221;{&#8220;id&#8220;:&#8220;Dark color&#8220;,&#8220;color&#8220;:&#8220;#151221&#8220;}&#8221;]Damit Sie uns bez\u00fcglich Ihrer Ideen und Projekte kontaktieren k\u00f6nnen;[\/vc_text_element][vc_empty_space height=&#8221;15px&#8221;][vc_text_element typography=&#8221;{&#8220;variants&#8220;:&#8220;500&#8220;,&#8220;font_size&#8220;:&#8220;14px&#8220;}&#8221; disable_margin=&#8221;yes&#8221; css_animation=&#8221;&#8221;]<strong>TELEFON:<\/strong> <a href=\"tel:+902128909009 \">+90 (212) 890 90 09<\/a> <strong>MAIL:<\/strong> <a href=\"mailto:info@dismek.com.tr\">info@dismek.com.tr<\/a>[\/vc_text_element][\/vc_content_box][\/vc_column_inner][\/vc_row_inner][\/vc_column][\/vc_row]<\/p>\n<\/div>","protected":false},"excerpt":{"rendered":"<p>[vc_row min_height=&#8221;350&#8243; content_placement=&#8221;middle&#8221; custom_bg_type=&#8221;image&#8221; custom_bg_cover=&#8221;cover&#8221; custom_bg_repeat=&#8221;no-repeat&#8221; custom_bg_position=&#8221;Center center&#8221; nav_skin=&#8221;light&#8221; consent_include=&#8221;include&#8221; equal_height=&#8221;true&#8221; el_design=&#8221;{&#8220;desktop&#8220;:{&#8220;padding-top&#8220;:&#8220;90&#8220;,&#8220;padding-bottom&#8220;:&#8220;60&#8220;}}&#8221; custom_bg_color=&#8221;{&#8220;solid&#8220;:{&#8220;id&#8220;:&#8220;Dark color&#8220;,&#8220;color&#8220;:&#8220;#151221&#8220;}}&#8221; overlay_color=&#8221;{&#8220;dir&#8220;:&#8220;to top&#8220;,&#8220;from&#8220;:{&#8220;id&#8220;:&#8220;custom_color&#8220;,&#8220;color&#8220;:&#8220;rgba(21,20,36,0.9)&#8220;},&#8220;to&#8220;:{&#8220;id&#8220;:&#8220;custom_color&#8220;,&#8220;color&#8220;:&#8220;rgba(21,20,36,0.5)&#8220;}}&#8221; custom_bg_image=&#8221;10496&#8243;][vc_column el_design=&#8221;{&#8220;desktop&#8220;:{&#8220;padding-top&#8220;:&#8220;15&#8220;,&#8220;padding-right&#8220;:&#8220;15&#8220;,&#8220;padding-bottom&#8220;:&#8220;15&#8220;,&#8220;padding-left&#8220;:&#8220;15&#8220;}}&#8221; width=&#8221;1\/2&#8243; css_animation=&#8221;&#8221; offset=&#8221;vc_col-md-8&#8243;][vc_heading heading_text=&#8221;F&amp;E und Innovation&#8221; heading_wrapper=&#8221;h1&#8243; heading_color=&#8221;{&#8220;solid&#8220;:{&#8220;id&#8220;:&#8220;custom_1334459184315555&#8220;,&#8220;color&#8220;:&#8220;rgba(255,255,255,1)&#8220;}}&#8221; heading_typography=&#8221;{&#8220;font_size&#8220;:&#8220;40px&#8220;}&#8221; css_animation=&#8221;&#8221;][vc_text_element typography=&#8221;{&#8220;variants&#8220;:&#8220;500&#8220;,&#8220;font_size&#8220;:&#8220;18px&#8220;}&#8221; disable_margin=&#8221;yes&#8221; css_animation=&#8221;&#8221; color=&#8221;{&#8220;id&#8220;:&#8220;custom_color&#8220;,&#8220;color&#8220;:&#8220;rgba(255,255,255,0.5)&#8220;}&#8221;]Dismek Forschungs und Entwicklungsteam&#8230;[\/vc_text_element][\/vc_column][\/vc_row][vc_row nav_skin=&#8221;light&#8221; consent_include=&#8221;include&#8221; el_design=&#8221;{&#8220;desktop&#8220;:{&#8220;padding-top&#8220;:&#8220;60&#8220;,&#8220;padding-bottom&#8220;:&#8220;60&#8220;}}&#8221;][vc_column width=&#8221;1\/2&#8243; css_animation=&#8221;&#8221;][vc_heading heading_text=&#8221;Forschung und Entwicklung&#8221; heading_wrapper=&#8221;h3&#8243; heading_typography=&#8221;{&#8220;variants&#8220;:&#8220;600&#8220;,&#8220;font_size&#8220;:&#8220;20px&#8220;}&#8221; css_animation=&#8221;&#8221;][vc_text_element typography=&#8221;{&#8220;font_size&#8220;:&#8220;16px&#8220;}&#8221; css_animation=&#8221;&#8221;] F\u00fcr den nachhaltigen Erfolg unseres Unternehmens pr\u00fcfen wir die Forschungs- und Entwicklungsinformationen aus aller Welt in unserem Link \u201eIdeenecke\u201c. Wir arbeiten mit Experten innerhalb und au\u00dferhalb des [&hellip;]<\/p>\n","protected":false},"author":1,"featured_media":0,"parent":0,"menu_order":0,"comment_status":"closed","ping_status":"closed","template":"","meta":{"footnotes":""},"class_list":["post-10887","page","type-page","status-publish","hentry"],"yoast_head":"<!-- This site is optimized with the Yoast SEO Premium plugin v19.3 (Yoast SEO v24.2) - https:\/\/yoast.com\/wordpress\/plugins\/seo\/ -->\n<title>F&amp;E und Innovation - Dismek<\/title>\n<meta name=\"robots\" content=\"index, follow, max-snippet:-1, max-image-preview:large, max-video-preview:-1\" \/>\n<link rel=\"canonical\" href=\"https:\/\/dismek.com.tr\/de\/fe-und-innovation\/\" \/>\n<meta property=\"og:locale\" content=\"de_DE\" \/>\n<meta property=\"og:type\" content=\"article\" \/>\n<meta property=\"og:title\" content=\"F&amp;E und Innovation\" \/>\n<meta property=\"og:description\" content=\"[vc_row min_height=&#8221;350&#8243; content_placement=&#8221;middle&#8221; custom_bg_type=&#8221;image&#8221; custom_bg_cover=&#8221;cover&#8221; custom_bg_repeat=&#8221;no-repeat&#8221; custom_bg_position=&#8221;Center center&#8221; nav_skin=&#8221;light&#8221; consent_include=&#8221;include&#8221; equal_height=&#8221;true&#8221; el_design=&#8221;{&#8220;desktop&#8220;:{&#8220;padding-top&#8220;:&#8220;90&#8220;,&#8220;padding-bottom&#8220;:&#8220;60&#8220;}}&#8221; custom_bg_color=&#8221;{&#8220;solid&#8220;:{&#8220;id&#8220;:&#8220;Dark color&#8220;,&#8220;color&#8220;:&#8220;#151221&#8220;}}&#8221; overlay_color=&#8221;{&#8220;dir&#8220;:&#8220;to top&#8220;,&#8220;from&#8220;:{&#8220;id&#8220;:&#8220;custom_color&#8220;,&#8220;color&#8220;:&#8220;rgba(21,20,36,0.9)&#8220;},&#8220;to&#8220;:{&#8220;id&#8220;:&#8220;custom_color&#8220;,&#8220;color&#8220;:&#8220;rgba(21,20,36,0.5)&#8220;}}&#8221; custom_bg_image=&#8221;10496&#8243;][vc_column el_design=&#8221;{&#8220;desktop&#8220;:{&#8220;padding-top&#8220;:&#8220;15&#8220;,&#8220;padding-right&#8220;:&#8220;15&#8220;,&#8220;padding-bottom&#8220;:&#8220;15&#8220;,&#8220;padding-left&#8220;:&#8220;15&#8220;}}&#8221; width=&#8221;1\/2&#8243; css_animation=&#8221;&#8221; offset=&#8221;vc_col-md-8&#8243;][vc_heading heading_text=&#8221;F&amp;E und Innovation&#8221; heading_wrapper=&#8221;h1&#8243; heading_color=&#8221;{&#8220;solid&#8220;:{&#8220;id&#8220;:&#8220;custom_1334459184315555&#8220;,&#8220;color&#8220;:&#8220;rgba(255,255,255,1)&#8220;}}&#8221; heading_typography=&#8221;{&#8220;font_size&#8220;:&#8220;40px&#8220;}&#8221; css_animation=&#8221;&#8221;][vc_text_element typography=&#8221;{&#8220;variants&#8220;:&#8220;500&#8220;,&#8220;font_size&#8220;:&#8220;18px&#8220;}&#8221; disable_margin=&#8221;yes&#8221; css_animation=&#8221;&#8221; color=&#8221;{&#8220;id&#8220;:&#8220;custom_color&#8220;,&#8220;color&#8220;:&#8220;rgba(255,255,255,0.5)&#8220;}&#8221;]Dismek Forschungs und Entwicklungsteam&#8230;[\/vc_text_element][\/vc_column][\/vc_row][vc_row nav_skin=&#8221;light&#8221; consent_include=&#8221;include&#8221; el_design=&#8221;{&#8220;desktop&#8220;:{&#8220;padding-top&#8220;:&#8220;60&#8220;,&#8220;padding-bottom&#8220;:&#8220;60&#8220;}}&#8221;][vc_column width=&#8221;1\/2&#8243; css_animation=&#8221;&#8221;][vc_heading heading_text=&#8221;Forschung und Entwicklung&#8221; heading_wrapper=&#8221;h3&#8243; heading_typography=&#8221;{&#8220;variants&#8220;:&#8220;600&#8220;,&#8220;font_size&#8220;:&#8220;20px&#8220;}&#8221; css_animation=&#8221;&#8221;][vc_text_element typography=&#8221;{&#8220;font_size&#8220;:&#8220;16px&#8220;}&#8221; css_animation=&#8221;&#8221;] F\u00fcr den nachhaltigen Erfolg unseres Unternehmens pr\u00fcfen wir die Forschungs- und Entwicklungsinformationen aus aller Welt in unserem Link \u201eIdeenecke\u201c. Wir arbeiten mit Experten innerhalb und au\u00dferhalb des [&hellip;]\" \/>\n<meta property=\"og:url\" content=\"https:\/\/dismek.com.tr\/de\/fe-und-innovation\/\" \/>\n<meta property=\"og:site_name\" content=\"Dismek\" \/>\n<meta property=\"article:modified_time\" content=\"2025-01-04T10:05:22+00:00\" \/>\n<meta name=\"twitter:card\" content=\"summary_large_image\" \/>\n<meta name=\"twitter:label1\" content=\"Gesch\u00e4tzte Lesezeit\" \/>\n\t<meta name=\"twitter:data1\" content=\"3\u00a0Minuten\" \/>\n<script type=\"application\/ld+json\" class=\"yoast-schema-graph\">{\"@context\":\"https:\/\/schema.org\",\"@graph\":[{\"@type\":\"WebPage\",\"@id\":\"https:\/\/dismek.com.tr\/de\/fe-und-innovation\/\",\"url\":\"https:\/\/dismek.com.tr\/de\/fe-und-innovation\/\",\"name\":\"F&E und Innovation - Dismek\",\"isPartOf\":{\"@id\":\"https:\/\/dismek.com.tr\/#website\"},\"datePublished\":\"2018-01-24T17:29:11+00:00\",\"dateModified\":\"2025-01-04T10:05:22+00:00\",\"breadcrumb\":{\"@id\":\"https:\/\/dismek.com.tr\/de\/fe-und-innovation\/#breadcrumb\"},\"inLanguage\":\"de\",\"potentialAction\":[{\"@type\":\"ReadAction\",\"target\":[\"https:\/\/dismek.com.tr\/de\/fe-und-innovation\/\"]}]},{\"@type\":\"BreadcrumbList\",\"@id\":\"https:\/\/dismek.com.tr\/de\/fe-und-innovation\/#breadcrumb\",\"itemListElement\":[{\"@type\":\"ListItem\",\"position\":1,\"name\":\"Home\",\"item\":\"https:\/\/dismek.com.tr\/de\/\"},{\"@type\":\"ListItem\",\"position\":2,\"name\":\"F&#038;E und Innovation\"}]},{\"@type\":\"WebSite\",\"@id\":\"https:\/\/dismek.com.tr\/#website\",\"url\":\"https:\/\/dismek.com.tr\/\",\"name\":\"Dismek\",\"description\":\"\",\"potentialAction\":[{\"@type\":\"SearchAction\",\"target\":{\"@type\":\"EntryPoint\",\"urlTemplate\":\"https:\/\/dismek.com.tr\/?s={search_term_string}\"},\"query-input\":{\"@type\":\"PropertyValueSpecification\",\"valueRequired\":true,\"valueName\":\"search_term_string\"}}],\"inLanguage\":\"de\"}]}<\/script>\n<!-- \/ Yoast SEO Premium plugin. -->","yoast_head_json":{"title":"F&E und Innovation - Dismek","robots":{"index":"index","follow":"follow","max-snippet":"max-snippet:-1","max-image-preview":"max-image-preview:large","max-video-preview":"max-video-preview:-1"},"canonical":"https:\/\/dismek.com.tr\/de\/fe-und-innovation\/","og_locale":"de_DE","og_type":"article","og_title":"F&E und Innovation","og_description":"[vc_row min_height=&#8221;350&#8243; content_placement=&#8221;middle&#8221; custom_bg_type=&#8221;image&#8221; custom_bg_cover=&#8221;cover&#8221; custom_bg_repeat=&#8221;no-repeat&#8221; custom_bg_position=&#8221;Center center&#8221; nav_skin=&#8221;light&#8221; consent_include=&#8221;include&#8221; equal_height=&#8221;true&#8221; el_design=&#8221;{&#8220;desktop&#8220;:{&#8220;padding-top&#8220;:&#8220;90&#8220;,&#8220;padding-bottom&#8220;:&#8220;60&#8220;}}&#8221; custom_bg_color=&#8221;{&#8220;solid&#8220;:{&#8220;id&#8220;:&#8220;Dark color&#8220;,&#8220;color&#8220;:&#8220;#151221&#8220;}}&#8221; overlay_color=&#8221;{&#8220;dir&#8220;:&#8220;to top&#8220;,&#8220;from&#8220;:{&#8220;id&#8220;:&#8220;custom_color&#8220;,&#8220;color&#8220;:&#8220;rgba(21,20,36,0.9)&#8220;},&#8220;to&#8220;:{&#8220;id&#8220;:&#8220;custom_color&#8220;,&#8220;color&#8220;:&#8220;rgba(21,20,36,0.5)&#8220;}}&#8221; custom_bg_image=&#8221;10496&#8243;][vc_column el_design=&#8221;{&#8220;desktop&#8220;:{&#8220;padding-top&#8220;:&#8220;15&#8220;,&#8220;padding-right&#8220;:&#8220;15&#8220;,&#8220;padding-bottom&#8220;:&#8220;15&#8220;,&#8220;padding-left&#8220;:&#8220;15&#8220;}}&#8221; width=&#8221;1\/2&#8243; css_animation=&#8221;&#8221; offset=&#8221;vc_col-md-8&#8243;][vc_heading heading_text=&#8221;F&amp;E und Innovation&#8221; heading_wrapper=&#8221;h1&#8243; heading_color=&#8221;{&#8220;solid&#8220;:{&#8220;id&#8220;:&#8220;custom_1334459184315555&#8220;,&#8220;color&#8220;:&#8220;rgba(255,255,255,1)&#8220;}}&#8221; heading_typography=&#8221;{&#8220;font_size&#8220;:&#8220;40px&#8220;}&#8221; css_animation=&#8221;&#8221;][vc_text_element typography=&#8221;{&#8220;variants&#8220;:&#8220;500&#8220;,&#8220;font_size&#8220;:&#8220;18px&#8220;}&#8221; disable_margin=&#8221;yes&#8221; css_animation=&#8221;&#8221; color=&#8221;{&#8220;id&#8220;:&#8220;custom_color&#8220;,&#8220;color&#8220;:&#8220;rgba(255,255,255,0.5)&#8220;}&#8221;]Dismek Forschungs und Entwicklungsteam&#8230;[\/vc_text_element][\/vc_column][\/vc_row][vc_row nav_skin=&#8221;light&#8221; consent_include=&#8221;include&#8221; el_design=&#8221;{&#8220;desktop&#8220;:{&#8220;padding-top&#8220;:&#8220;60&#8220;,&#8220;padding-bottom&#8220;:&#8220;60&#8220;}}&#8221;][vc_column width=&#8221;1\/2&#8243; css_animation=&#8221;&#8221;][vc_heading heading_text=&#8221;Forschung und Entwicklung&#8221; heading_wrapper=&#8221;h3&#8243; heading_typography=&#8221;{&#8220;variants&#8220;:&#8220;600&#8220;,&#8220;font_size&#8220;:&#8220;20px&#8220;}&#8221; css_animation=&#8221;&#8221;][vc_text_element typography=&#8221;{&#8220;font_size&#8220;:&#8220;16px&#8220;}&#8221; css_animation=&#8221;&#8221;] F\u00fcr den nachhaltigen Erfolg unseres Unternehmens pr\u00fcfen wir die Forschungs- und Entwicklungsinformationen aus aller Welt in unserem Link \u201eIdeenecke\u201c. Wir arbeiten mit Experten innerhalb und au\u00dferhalb des [&hellip;]","og_url":"https:\/\/dismek.com.tr\/de\/fe-und-innovation\/","og_site_name":"Dismek","article_modified_time":"2025-01-04T10:05:22+00:00","twitter_card":"summary_large_image","twitter_misc":{"Gesch\u00e4tzte Lesezeit":"3\u00a0Minuten"},"schema":{"@context":"https:\/\/schema.org","@graph":[{"@type":"WebPage","@id":"https:\/\/dismek.com.tr\/de\/fe-und-innovation\/","url":"https:\/\/dismek.com.tr\/de\/fe-und-innovation\/","name":"F&E und Innovation - Dismek","isPartOf":{"@id":"https:\/\/dismek.com.tr\/#website"},"datePublished":"2018-01-24T17:29:11+00:00","dateModified":"2025-01-04T10:05:22+00:00","breadcrumb":{"@id":"https:\/\/dismek.com.tr\/de\/fe-und-innovation\/#breadcrumb"},"inLanguage":"de","potentialAction":[{"@type":"ReadAction","target":["https:\/\/dismek.com.tr\/de\/fe-und-innovation\/"]}]},{"@type":"BreadcrumbList","@id":"https:\/\/dismek.com.tr\/de\/fe-und-innovation\/#breadcrumb","itemListElement":[{"@type":"ListItem","position":1,"name":"Home","item":"https:\/\/dismek.com.tr\/de\/"},{"@type":"ListItem","position":2,"name":"F&#038;E und Innovation"}]},{"@type":"WebSite","@id":"https:\/\/dismek.com.tr\/#website","url":"https:\/\/dismek.com.tr\/","name":"Dismek","description":"","potentialAction":[{"@type":"SearchAction","target":{"@type":"EntryPoint","urlTemplate":"https:\/\/dismek.com.tr\/?s={search_term_string}"},"query-input":{"@type":"PropertyValueSpecification","valueRequired":true,"valueName":"search_term_string"}}],"inLanguage":"de"}]}},"_links":{"self":[{"href":"https:\/\/dismek.com.tr\/de\/wp-json\/wp\/v2\/pages\/10887","targetHints":{"allow":["GET"]}}],"collection":[{"href":"https:\/\/dismek.com.tr\/de\/wp-json\/wp\/v2\/pages"}],"about":[{"href":"https:\/\/dismek.com.tr\/de\/wp-json\/wp\/v2\/types\/page"}],"author":[{"embeddable":true,"href":"https:\/\/dismek.com.tr\/de\/wp-json\/wp\/v2\/users\/1"}],"replies":[{"embeddable":true,"href":"https:\/\/dismek.com.tr\/de\/wp-json\/wp\/v2\/comments?post=10887"}],"version-history":[{"count":4,"href":"https:\/\/dismek.com.tr\/de\/wp-json\/wp\/v2\/pages\/10887\/revisions"}],"predecessor-version":[{"id":10891,"href":"https:\/\/dismek.com.tr\/de\/wp-json\/wp\/v2\/pages\/10887\/revisions\/10891"}],"wp:attachment":[{"href":"https:\/\/dismek.com.tr\/de\/wp-json\/wp\/v2\/media?parent=10887"}],"curies":[{"name":"wp","href":"https:\/\/api.w.org\/{rel}","templated":true}]}}