{"id":10892,"date":"2018-01-21T10:31:44","date_gmt":"2018-01-21T07:31:44","guid":{"rendered":"https:\/\/dismek.com.tr\/?page_id=10892"},"modified":"2025-01-04T13:02:17","modified_gmt":"2025-01-04T10:02:17","slug":"soziale-verantwortung","status":"publish","type":"page","link":"https:\/\/dismek.com.tr\/de\/soziale-verantwortung\/","title":{"rendered":"Soziale Verantwortung"},"content":{"rendered":"<div class=\"wpb-content-wrapper\"><p>[vc_row min_height=&#8221;350&#8243; content_placement=&#8221;middle&#8221; custom_bg_type=&#8221;image&#8221; custom_bg_cover=&#8221;cover&#8221; custom_bg_repeat=&#8221;no-repeat&#8221; custom_bg_position=&#8221;Center center&#8221; nav_skin=&#8221;light&#8221; consent_include=&#8221;include&#8221; equal_height=&#8221;true&#8221; el_design=&#8221;{&#8220;desktop&#8220;:{&#8220;padding-top&#8220;:&#8220;90&#8220;,&#8220;padding-bottom&#8220;:&#8220;60&#8220;}}&#8221; custom_bg_color=&#8221;{&#8220;solid&#8220;:{&#8220;id&#8220;:&#8220;Dark color&#8220;,&#8220;color&#8220;:&#8220;#151221&#8220;}}&#8221; overlay_color=&#8221;{&#8220;dir&#8220;:&#8220;to top&#8220;,&#8220;from&#8220;:{&#8220;id&#8220;:&#8220;custom_color&#8220;,&#8220;color&#8220;:&#8220;rgba(21,20,36,0.9)&#8220;},&#8220;to&#8220;:{&#8220;id&#8220;:&#8220;custom_color&#8220;,&#8220;color&#8220;:&#8220;rgba(21,20,36,0.5)&#8220;}}&#8221; custom_bg_image=&#8221;10472&#8243;][vc_column el_design=&#8221;{&#8220;desktop&#8220;:{&#8220;padding-top&#8220;:&#8220;15&#8220;,&#8220;padding-right&#8220;:&#8220;15&#8220;,&#8220;padding-bottom&#8220;:&#8220;15&#8220;,&#8220;padding-left&#8220;:&#8220;15&#8220;}}&#8221; width=&#8221;1\/2&#8243; css_animation=&#8221;&#8221; offset=&#8221;vc_col-md-8&#8243;][vc_heading heading_text=&#8221;Soziale Verantwortung&#8221; heading_wrapper=&#8221;h1&#8243; heading_color=&#8221;{&#8220;solid&#8220;:{&#8220;id&#8220;:&#8220;custom_1334459184315555&#8220;,&#8220;color&#8220;:&#8220;rgba(255,255,255,1)&#8220;}}&#8221; heading_typography=&#8221;{&#8220;font_size&#8220;:&#8220;40px&#8220;}&#8221; css_animation=&#8221;&#8221;][vc_text_element typography=&#8221;{&#8220;variants&#8220;:&#8220;500&#8220;,&#8220;font_size&#8220;:&#8220;18px&#8220;}&#8221; disable_margin=&#8221;yes&#8221; css_animation=&#8221;&#8221; color=&#8221;{&#8220;id&#8220;:&#8220;custom_color&#8220;,&#8220;color&#8220;:&#8220;rgba(255,255,255,0.5)&#8220;}&#8221;]Dismek Chemische Substanzen[\/vc_text_element][\/vc_column][\/vc_row][vc_row nav_skin=&#8221;light&#8221; consent_include=&#8221;include&#8221; el_design=&#8221;{&#8220;desktop&#8220;:{&#8220;padding-top&#8220;:&#8220;60&#8220;,&#8220;padding-bottom&#8220;:&#8220;60&#8220;}}&#8221;][vc_column width=&#8221;2\/3&#8243; css_animation=&#8221;&#8221;][vc_heading heading_text=&#8221;Unsere Richtlinien&#8221; heading_wrapper=&#8221;h3&#8243; heading_typography=&#8221;{&#8220;variants&#8220;:&#8220;600&#8220;,&#8220;font_size&#8220;:&#8220;20px&#8220;}&#8221; css_animation=&#8221;&#8221;][vc_text_element typography=&#8221;{&#8220;font_size&#8220;:&#8220;16px&#8220;}&#8221; css_animation=&#8221;&#8221;]<\/p>\n<p style=\"text-align: justify;\">Dismek Chemische Substanzen betrachtet es als eines der grundlegenden und unver\u00e4nderlichen Elemente seines Managementansatzes, bei all seinen Aktivit\u00e4ten im Bewusstsein sozialer Verantwortung zu handeln, und zwar als Teil seiner Grundwerte Bescheidenheit, Respekt vor Menschen und N\u00e4he zur \u00d6ffentlichkeit. In diesem Zusammenhang bew\u00e4ltigt unser Unternehmen die wirtschaftlichen, sozialen und \u00f6kologischen Auswirkungen seiner Aktivit\u00e4ten mit Verantwortungsbewusstsein und zielt darauf ab, das Bewusstsein in der Gesellschaft zu entwickeln und zu st\u00e4rken.<\/p>\n<p style=\"text-align: justify;\">Wir sehen den Umfang unseres Ansatzes sozialer Verantwortung nicht als auf unsere Gesch\u00e4ftsaktivit\u00e4ten und deren Auswirkungen beschr\u00e4nkt an. Wir bestimmen unseren Ansatz sozialer Verantwortung und unsere Priorit\u00e4ten in dieser Hinsicht, indem wir ber\u00fccksichtigen, was f\u00fcr die Gesellschaft und die Umwelt am besten ist. Wir achten darauf, bei Aktivit\u00e4ten zum Schutz der Demokratie, der Menschenrechte und der Umwelt eine f\u00fchrende Rolle einzunehmen.<\/p>\n<p>[\/vc_text_element][vc_empty_space][vc_heading heading_text=&#8221;Unsere Prinzipien&#8221; heading_wrapper=&#8221;h3&#8243; alignment=&#8221;align_left&#8221; heading_typography=&#8221;{&#8220;variants&#8220;:&#8220;600&#8220;,&#8220;font_size&#8220;:&#8220;20px&#8220;}&#8221; css_animation=&#8221;&#8221;][vc_text_element typography=&#8221;{&#8220;font_size&#8220;:&#8220;16px&#8220;}&#8221; css_animation=&#8221;&#8221;]<\/p>\n<ul>\n<li style=\"text-align: justify;\">Als Dismek Chemical Substances achten wir darauf, unsere soziale und \u00f6kologische Verantwortung gegen\u00fcber der Gesellschaft in allen Regionen, in denen wir t\u00e4tig sind, zu erf\u00fcllen; in harmonischer Zusammenarbeit mit unseren Mitarbeitern, Gesch\u00e4ftspartnern, der \u00d6ffentlichkeit, Nichtregierungsorganisationen und anderen Stakeholdern.<\/li>\n<li style=\"text-align: justify;\">Wir glauben, dass unsere Humanressourcen das wichtigste Element f\u00fcr nachhaltiges Wachstum sind. Wir stellen sicher, dass die Pers\u00f6nlichkeitsrechte unserer Mitarbeiter vollst\u00e4ndig und korrekt genutzt werden. Wir gehen ehrlich und fair auf unsere Mitarbeiter ein und setzen uns f\u00fcr ein diskriminierungsfreies, sicheres und gesundes Arbeitsumfeld ein. Wir bem\u00fchen uns um die individuelle Weiterentwicklung unserer Mitarbeiter und achten auf die Balance zwischen Beruf und Privatleben.<\/li>\n<li style=\"text-align: justify;\">Wir dulden keine Diskriminierung unserer Mitarbeiter innerhalb unseres Unternehmens aufgrund von Sprache, Rasse, Hautfarbe, Geschlecht, politischen Ansichten, \u00dcberzeugungen, Religion, Sekte, Alter, k\u00f6rperlicher Behinderung und \u00e4hnlichen Gr\u00fcnden .<\/li>\n<li style=\"text-align: justify;\">Wir gehen mit Verantwortungsbewusstsein mit den Umweltauswirkungen um, die durch all unsere Aktivit\u00e4ten entstehen k\u00f6nnen. Wir sind verpflichtet, alle Arten von Verbesserungs- und Entwicklungsstudien zu ermitteln und umzusetzen, die die Umweltauswirkungen unserer Aktivit\u00e4ten in allen unseren T\u00e4tigkeitsbereichen minimieren.<\/li>\n<li style=\"text-align: justify;\">Unser Unternehmen strebt die Entwicklung unserer Gesellschaft im Rahmen des Prinzips der Corporate Social Responsibility an. Wir unterst\u00fctzen unsere Mitarbeiter dabei, sich ehrenamtlich f\u00fcr entsprechende soziale und gemeinschaftliche Aktivit\u00e4ten mit sozialem Verantwortungsbewusstsein zu engagieren.<\/li>\n<li style=\"text-align: justify;\">Wir sind sensibel f\u00fcr die Traditionen und Kulturen der T\u00fcrkei und der L\u00e4nder, in denen wir t\u00e4tig sind, und handeln im Einklang mit allen gesetzlichen Vorschriften.<\/li>\n<\/ul>\n<p>[\/vc_text_element][\/vc_column][vc_column el_design=&#8221;{&#8220;desktop&#8220;:{&#8220;padding-top&#8220;:&#8220;0&#8220;,&#8220;padding-right&#8220;:&#8220;0&#8220;,&#8220;padding-bottom&#8220;:&#8220;0&#8220;,&#8220;padding-left&#8220;:&#8220;0&#8220;}}&#8221; width=&#8221;1\/3&#8243; css_animation=&#8221;&#8221;][vc_row_inner consent_include=&#8221;include&#8221;][vc_column_inner el_design=&#8221;{&#8220;desktop&#8220;:{&#8220;padding-top&#8220;:&#8220;15&#8220;,&#8220;padding-right&#8220;:&#8220;15&#8220;,&#8220;padding-bottom&#8220;:&#8220;15&#8220;,&#8220;padding-left&#8220;:&#8220;15&#8220;}}&#8221; width=&#8221;1\/2&#8243; css_animation=&#8221;&#8221; offset=&#8221;vc_col-md-12&#8243;][vc_content_box style=&#8221;style_1&#8243; hover_anim=&#8221;hover_disable&#8221; overflow=&#8221;&#8221; el_design=&#8221;{&#8220;desktop&#8220;:{&#8220;padding-top&#8220;:&#8220;30&#8220;,&#8220;padding-right&#8220;:&#8220;30&#8220;,&#8220;padding-bottom&#8220;:&#8220;30&#8220;,&#8220;padding-left&#8220;:&#8220;30&#8220;}}&#8221; equal_height=&#8221;&#8221; alignment=&#8221;&#8221; vertical_align=&#8221;&#8221; horizontal_align=&#8221;&#8221; css_animation=&#8221;&#8221; bg_color=&#8221;{&#8220;solid&#8220;:{&#8220;id&#8220;:&#8220;Light background&#8220;,&#8220;color&#8220;:&#8220;#f7f8fd&#8220;}}&#8221;][vc_single_image image=&#8221;10477&#8243; img_size=&#8221;full&#8221; css=&#8221;&#8221;][vc_text_element typography=&#8221;{&#8220;variants&#8220;:&#8220;600&#8220;,&#8220;font_size&#8220;:&#8220;16px&#8220;}&#8221; disable_margin=&#8221;yes&#8221; css_animation=&#8221;&#8221; color=&#8221;{&#8220;id&#8220;:&#8220;Dark color&#8220;,&#8220;color&#8220;:&#8220;#151221&#8220;}&#8221;]<\/p>\n<p style=\"margin-top: 5px;\">CO\u2082-Fu\u00dfabdruck zur\u00fccksetzen!<\/p>\n<p>[\/vc_text_element][vc_text_element typography=&#8221;{&#8220;font_size&#8220;:&#8220;14px&#8220;}&#8221; css_animation=&#8221;&#8221;]<\/p>\n<p align=\"justify\">Als Dismek f\u00fchren wir jedes Jahr Aktivit\u00e4ten zur Reduzierung des CO\u2082-Fu\u00dfabdrucks durch, um eine sauberere Umwelt zu schaffen.<\/p>\n<p>[\/vc_text_element][\/vc_content_box][\/vc_column_inner][vc_column_inner el_design=&#8221;{&#8220;desktop&#8220;:{&#8220;padding-top&#8220;:&#8220;15&#8220;,&#8220;padding-right&#8220;:&#8220;15&#8220;,&#8220;padding-bottom&#8220;:&#8220;15&#8220;,&#8220;padding-left&#8220;:&#8220;15&#8220;}}&#8221; width=&#8221;1\/2&#8243; css_animation=&#8221;&#8221; offset=&#8221;vc_col-md-12&#8243;][vc_content_box style=&#8221;style_1&#8243; hover_anim=&#8221;hover_disable&#8221; overflow=&#8221;&#8221; el_design=&#8221;{&#8220;desktop&#8220;:{&#8220;padding-top&#8220;:&#8220;30&#8220;,&#8220;padding-right&#8220;:&#8220;30&#8220;,&#8220;padding-bottom&#8220;:&#8220;30&#8220;,&#8220;padding-left&#8220;:&#8220;30&#8220;}}&#8221; equal_height=&#8221;&#8221; alignment=&#8221;&#8221; vertical_align=&#8221;&#8221; horizontal_align=&#8221;&#8221; css_animation=&#8221;&#8221;][vc_text_element typography=&#8221;{&#8220;variants&#8220;:&#8220;600&#8220;,&#8220;font_size&#8220;:&#8220;16px&#8220;}&#8221; disable_margin=&#8221;yes&#8221; css_animation=&#8221;&#8221; color=&#8221;{&#8220;id&#8220;:&#8220;Dark color&#8220;,&#8220;color&#8220;:&#8220;#151221&#8220;}&#8221;]Um uns bez\u00fcglich sozialer Verantwortungsprojekte zu kontaktieren;[\/vc_text_element][vc_empty_space height=&#8221;15px&#8221;][vc_text_element typography=&#8221;{&#8220;variants&#8220;:&#8220;500&#8220;,&#8220;font_size&#8220;:&#8220;14px&#8220;}&#8221; disable_margin=&#8221;yes&#8221; css_animation=&#8221;&#8221;]<strong>TELEFON:<\/strong> <a href=\"tel:+902128909009 \">+90 (212) 890 90 09 <\/a><br \/>\n<strong>MAIL:<\/strong> <a href=\"mailto:dismek@dismek.com.tr\">dismek@dismek.com.tr<\/a>[\/vc_text_element][\/vc_content_box][\/vc_column_inner][\/vc_row_inner][vc_empty_space][\/vc_column][\/vc_row]<\/p>\n<\/div>","protected":false},"excerpt":{"rendered":"<p>[vc_row min_height=&#8221;350&#8243; content_placement=&#8221;middle&#8221; custom_bg_type=&#8221;image&#8221; custom_bg_cover=&#8221;cover&#8221; custom_bg_repeat=&#8221;no-repeat&#8221; custom_bg_position=&#8221;Center center&#8221; nav_skin=&#8221;light&#8221; consent_include=&#8221;include&#8221; equal_height=&#8221;true&#8221; el_design=&#8221;{&#8220;desktop&#8220;:{&#8220;padding-top&#8220;:&#8220;90&#8220;,&#8220;padding-bottom&#8220;:&#8220;60&#8220;}}&#8221; custom_bg_color=&#8221;{&#8220;solid&#8220;:{&#8220;id&#8220;:&#8220;Dark color&#8220;,&#8220;color&#8220;:&#8220;#151221&#8220;}}&#8221; overlay_color=&#8221;{&#8220;dir&#8220;:&#8220;to top&#8220;,&#8220;from&#8220;:{&#8220;id&#8220;:&#8220;custom_color&#8220;,&#8220;color&#8220;:&#8220;rgba(21,20,36,0.9)&#8220;},&#8220;to&#8220;:{&#8220;id&#8220;:&#8220;custom_color&#8220;,&#8220;color&#8220;:&#8220;rgba(21,20,36,0.5)&#8220;}}&#8221; custom_bg_image=&#8221;10472&#8243;][vc_column el_design=&#8221;{&#8220;desktop&#8220;:{&#8220;padding-top&#8220;:&#8220;15&#8220;,&#8220;padding-right&#8220;:&#8220;15&#8220;,&#8220;padding-bottom&#8220;:&#8220;15&#8220;,&#8220;padding-left&#8220;:&#8220;15&#8220;}}&#8221; width=&#8221;1\/2&#8243; css_animation=&#8221;&#8221; offset=&#8221;vc_col-md-8&#8243;][vc_heading heading_text=&#8221;Soziale Verantwortung&#8221; heading_wrapper=&#8221;h1&#8243; heading_color=&#8221;{&#8220;solid&#8220;:{&#8220;id&#8220;:&#8220;custom_1334459184315555&#8220;,&#8220;color&#8220;:&#8220;rgba(255,255,255,1)&#8220;}}&#8221; heading_typography=&#8221;{&#8220;font_size&#8220;:&#8220;40px&#8220;}&#8221; css_animation=&#8221;&#8221;][vc_text_element typography=&#8221;{&#8220;variants&#8220;:&#8220;500&#8220;,&#8220;font_size&#8220;:&#8220;18px&#8220;}&#8221; disable_margin=&#8221;yes&#8221; css_animation=&#8221;&#8221; color=&#8221;{&#8220;id&#8220;:&#8220;custom_color&#8220;,&#8220;color&#8220;:&#8220;rgba(255,255,255,0.5)&#8220;}&#8221;]Dismek Chemische Substanzen[\/vc_text_element][\/vc_column][\/vc_row][vc_row nav_skin=&#8221;light&#8221; consent_include=&#8221;include&#8221; el_design=&#8221;{&#8220;desktop&#8220;:{&#8220;padding-top&#8220;:&#8220;60&#8220;,&#8220;padding-bottom&#8220;:&#8220;60&#8220;}}&#8221;][vc_column width=&#8221;2\/3&#8243; css_animation=&#8221;&#8221;][vc_heading heading_text=&#8221;Unsere Richtlinien&#8221; heading_wrapper=&#8221;h3&#8243; heading_typography=&#8221;{&#8220;variants&#8220;:&#8220;600&#8220;,&#8220;font_size&#8220;:&#8220;20px&#8220;}&#8221; css_animation=&#8221;&#8221;][vc_text_element typography=&#8221;{&#8220;font_size&#8220;:&#8220;16px&#8220;}&#8221; css_animation=&#8221;&#8221;] Dismek Chemische Substanzen betrachtet es als eines der grundlegenden und unver\u00e4nderlichen Elemente seines Managementansatzes, bei all seinen Aktivit\u00e4ten im Bewusstsein sozialer Verantwortung zu handeln, und zwar als Teil seiner Grundwerte [&hellip;]<\/p>\n","protected":false},"author":1,"featured_media":0,"parent":0,"menu_order":0,"comment_status":"closed","ping_status":"closed","template":"","meta":{"footnotes":""},"class_list":["post-10892","page","type-page","status-publish","hentry"],"yoast_head":"<!-- This site is optimized with the Yoast SEO Premium plugin v19.3 (Yoast SEO v24.2) - https:\/\/yoast.com\/wordpress\/plugins\/seo\/ -->\n<title>Soziale Verantwortung - Dismek<\/title>\n<meta name=\"robots\" content=\"index, follow, max-snippet:-1, max-image-preview:large, max-video-preview:-1\" \/>\n<link rel=\"canonical\" href=\"https:\/\/dismek.com.tr\/de\/soziale-verantwortung\/\" \/>\n<meta property=\"og:locale\" content=\"de_DE\" \/>\n<meta property=\"og:type\" content=\"article\" \/>\n<meta property=\"og:title\" content=\"Soziale Verantwortung\" \/>\n<meta property=\"og:description\" content=\"[vc_row min_height=&#8221;350&#8243; content_placement=&#8221;middle&#8221; custom_bg_type=&#8221;image&#8221; custom_bg_cover=&#8221;cover&#8221; custom_bg_repeat=&#8221;no-repeat&#8221; custom_bg_position=&#8221;Center center&#8221; nav_skin=&#8221;light&#8221; consent_include=&#8221;include&#8221; equal_height=&#8221;true&#8221; el_design=&#8221;{&#8220;desktop&#8220;:{&#8220;padding-top&#8220;:&#8220;90&#8220;,&#8220;padding-bottom&#8220;:&#8220;60&#8220;}}&#8221; custom_bg_color=&#8221;{&#8220;solid&#8220;:{&#8220;id&#8220;:&#8220;Dark color&#8220;,&#8220;color&#8220;:&#8220;#151221&#8220;}}&#8221; overlay_color=&#8221;{&#8220;dir&#8220;:&#8220;to top&#8220;,&#8220;from&#8220;:{&#8220;id&#8220;:&#8220;custom_color&#8220;,&#8220;color&#8220;:&#8220;rgba(21,20,36,0.9)&#8220;},&#8220;to&#8220;:{&#8220;id&#8220;:&#8220;custom_color&#8220;,&#8220;color&#8220;:&#8220;rgba(21,20,36,0.5)&#8220;}}&#8221; custom_bg_image=&#8221;10472&#8243;][vc_column el_design=&#8221;{&#8220;desktop&#8220;:{&#8220;padding-top&#8220;:&#8220;15&#8220;,&#8220;padding-right&#8220;:&#8220;15&#8220;,&#8220;padding-bottom&#8220;:&#8220;15&#8220;,&#8220;padding-left&#8220;:&#8220;15&#8220;}}&#8221; width=&#8221;1\/2&#8243; css_animation=&#8221;&#8221; offset=&#8221;vc_col-md-8&#8243;][vc_heading heading_text=&#8221;Soziale Verantwortung&#8221; heading_wrapper=&#8221;h1&#8243; heading_color=&#8221;{&#8220;solid&#8220;:{&#8220;id&#8220;:&#8220;custom_1334459184315555&#8220;,&#8220;color&#8220;:&#8220;rgba(255,255,255,1)&#8220;}}&#8221; heading_typography=&#8221;{&#8220;font_size&#8220;:&#8220;40px&#8220;}&#8221; css_animation=&#8221;&#8221;][vc_text_element typography=&#8221;{&#8220;variants&#8220;:&#8220;500&#8220;,&#8220;font_size&#8220;:&#8220;18px&#8220;}&#8221; disable_margin=&#8221;yes&#8221; css_animation=&#8221;&#8221; color=&#8221;{&#8220;id&#8220;:&#8220;custom_color&#8220;,&#8220;color&#8220;:&#8220;rgba(255,255,255,0.5)&#8220;}&#8221;]Dismek Chemische Substanzen[\/vc_text_element][\/vc_column][\/vc_row][vc_row nav_skin=&#8221;light&#8221; consent_include=&#8221;include&#8221; el_design=&#8221;{&#8220;desktop&#8220;:{&#8220;padding-top&#8220;:&#8220;60&#8220;,&#8220;padding-bottom&#8220;:&#8220;60&#8220;}}&#8221;][vc_column width=&#8221;2\/3&#8243; css_animation=&#8221;&#8221;][vc_heading heading_text=&#8221;Unsere Richtlinien&#8221; heading_wrapper=&#8221;h3&#8243; heading_typography=&#8221;{&#8220;variants&#8220;:&#8220;600&#8220;,&#8220;font_size&#8220;:&#8220;20px&#8220;}&#8221; css_animation=&#8221;&#8221;][vc_text_element typography=&#8221;{&#8220;font_size&#8220;:&#8220;16px&#8220;}&#8221; css_animation=&#8221;&#8221;] Dismek Chemische Substanzen betrachtet es als eines der grundlegenden und unver\u00e4nderlichen Elemente seines Managementansatzes, bei all seinen Aktivit\u00e4ten im Bewusstsein sozialer Verantwortung zu handeln, und zwar als Teil seiner Grundwerte [&hellip;]\" \/>\n<meta property=\"og:url\" content=\"https:\/\/dismek.com.tr\/de\/soziale-verantwortung\/\" \/>\n<meta property=\"og:site_name\" content=\"Dismek\" \/>\n<meta property=\"article:modified_time\" content=\"2025-01-04T10:02:17+00:00\" \/>\n<meta name=\"twitter:card\" content=\"summary_large_image\" \/>\n<meta name=\"twitter:label1\" content=\"Gesch\u00e4tzte Lesezeit\" \/>\n\t<meta name=\"twitter:data1\" content=\"4\u00a0Minuten\" \/>\n<script type=\"application\/ld+json\" class=\"yoast-schema-graph\">{\"@context\":\"https:\/\/schema.org\",\"@graph\":[{\"@type\":\"WebPage\",\"@id\":\"https:\/\/dismek.com.tr\/de\/soziale-verantwortung\/\",\"url\":\"https:\/\/dismek.com.tr\/de\/soziale-verantwortung\/\",\"name\":\"Soziale Verantwortung - Dismek\",\"isPartOf\":{\"@id\":\"https:\/\/dismek.com.tr\/#website\"},\"datePublished\":\"2018-01-21T07:31:44+00:00\",\"dateModified\":\"2025-01-04T10:02:17+00:00\",\"breadcrumb\":{\"@id\":\"https:\/\/dismek.com.tr\/de\/soziale-verantwortung\/#breadcrumb\"},\"inLanguage\":\"de\",\"potentialAction\":[{\"@type\":\"ReadAction\",\"target\":[\"https:\/\/dismek.com.tr\/de\/soziale-verantwortung\/\"]}]},{\"@type\":\"BreadcrumbList\",\"@id\":\"https:\/\/dismek.com.tr\/de\/soziale-verantwortung\/#breadcrumb\",\"itemListElement\":[{\"@type\":\"ListItem\",\"position\":1,\"name\":\"Home\",\"item\":\"https:\/\/dismek.com.tr\/de\/\"},{\"@type\":\"ListItem\",\"position\":2,\"name\":\"Soziale Verantwortung\"}]},{\"@type\":\"WebSite\",\"@id\":\"https:\/\/dismek.com.tr\/#website\",\"url\":\"https:\/\/dismek.com.tr\/\",\"name\":\"Dismek\",\"description\":\"\",\"potentialAction\":[{\"@type\":\"SearchAction\",\"target\":{\"@type\":\"EntryPoint\",\"urlTemplate\":\"https:\/\/dismek.com.tr\/?s={search_term_string}\"},\"query-input\":{\"@type\":\"PropertyValueSpecification\",\"valueRequired\":true,\"valueName\":\"search_term_string\"}}],\"inLanguage\":\"de\"}]}<\/script>\n<!-- \/ Yoast SEO Premium plugin. -->","yoast_head_json":{"title":"Soziale Verantwortung - Dismek","robots":{"index":"index","follow":"follow","max-snippet":"max-snippet:-1","max-image-preview":"max-image-preview:large","max-video-preview":"max-video-preview:-1"},"canonical":"https:\/\/dismek.com.tr\/de\/soziale-verantwortung\/","og_locale":"de_DE","og_type":"article","og_title":"Soziale Verantwortung","og_description":"[vc_row min_height=&#8221;350&#8243; content_placement=&#8221;middle&#8221; custom_bg_type=&#8221;image&#8221; custom_bg_cover=&#8221;cover&#8221; custom_bg_repeat=&#8221;no-repeat&#8221; custom_bg_position=&#8221;Center center&#8221; nav_skin=&#8221;light&#8221; consent_include=&#8221;include&#8221; equal_height=&#8221;true&#8221; el_design=&#8221;{&#8220;desktop&#8220;:{&#8220;padding-top&#8220;:&#8220;90&#8220;,&#8220;padding-bottom&#8220;:&#8220;60&#8220;}}&#8221; custom_bg_color=&#8221;{&#8220;solid&#8220;:{&#8220;id&#8220;:&#8220;Dark color&#8220;,&#8220;color&#8220;:&#8220;#151221&#8220;}}&#8221; overlay_color=&#8221;{&#8220;dir&#8220;:&#8220;to top&#8220;,&#8220;from&#8220;:{&#8220;id&#8220;:&#8220;custom_color&#8220;,&#8220;color&#8220;:&#8220;rgba(21,20,36,0.9)&#8220;},&#8220;to&#8220;:{&#8220;id&#8220;:&#8220;custom_color&#8220;,&#8220;color&#8220;:&#8220;rgba(21,20,36,0.5)&#8220;}}&#8221; custom_bg_image=&#8221;10472&#8243;][vc_column el_design=&#8221;{&#8220;desktop&#8220;:{&#8220;padding-top&#8220;:&#8220;15&#8220;,&#8220;padding-right&#8220;:&#8220;15&#8220;,&#8220;padding-bottom&#8220;:&#8220;15&#8220;,&#8220;padding-left&#8220;:&#8220;15&#8220;}}&#8221; width=&#8221;1\/2&#8243; css_animation=&#8221;&#8221; offset=&#8221;vc_col-md-8&#8243;][vc_heading heading_text=&#8221;Soziale Verantwortung&#8221; heading_wrapper=&#8221;h1&#8243; heading_color=&#8221;{&#8220;solid&#8220;:{&#8220;id&#8220;:&#8220;custom_1334459184315555&#8220;,&#8220;color&#8220;:&#8220;rgba(255,255,255,1)&#8220;}}&#8221; heading_typography=&#8221;{&#8220;font_size&#8220;:&#8220;40px&#8220;}&#8221; css_animation=&#8221;&#8221;][vc_text_element typography=&#8221;{&#8220;variants&#8220;:&#8220;500&#8220;,&#8220;font_size&#8220;:&#8220;18px&#8220;}&#8221; disable_margin=&#8221;yes&#8221; css_animation=&#8221;&#8221; color=&#8221;{&#8220;id&#8220;:&#8220;custom_color&#8220;,&#8220;color&#8220;:&#8220;rgba(255,255,255,0.5)&#8220;}&#8221;]Dismek Chemische Substanzen[\/vc_text_element][\/vc_column][\/vc_row][vc_row nav_skin=&#8221;light&#8221; consent_include=&#8221;include&#8221; el_design=&#8221;{&#8220;desktop&#8220;:{&#8220;padding-top&#8220;:&#8220;60&#8220;,&#8220;padding-bottom&#8220;:&#8220;60&#8220;}}&#8221;][vc_column width=&#8221;2\/3&#8243; css_animation=&#8221;&#8221;][vc_heading heading_text=&#8221;Unsere Richtlinien&#8221; heading_wrapper=&#8221;h3&#8243; heading_typography=&#8221;{&#8220;variants&#8220;:&#8220;600&#8220;,&#8220;font_size&#8220;:&#8220;20px&#8220;}&#8221; css_animation=&#8221;&#8221;][vc_text_element typography=&#8221;{&#8220;font_size&#8220;:&#8220;16px&#8220;}&#8221; css_animation=&#8221;&#8221;] Dismek Chemische Substanzen betrachtet es als eines der grundlegenden und unver\u00e4nderlichen Elemente seines Managementansatzes, bei all seinen Aktivit\u00e4ten im Bewusstsein sozialer Verantwortung zu handeln, und zwar als Teil seiner Grundwerte [&hellip;]","og_url":"https:\/\/dismek.com.tr\/de\/soziale-verantwortung\/","og_site_name":"Dismek","article_modified_time":"2025-01-04T10:02:17+00:00","twitter_card":"summary_large_image","twitter_misc":{"Gesch\u00e4tzte Lesezeit":"4\u00a0Minuten"},"schema":{"@context":"https:\/\/schema.org","@graph":[{"@type":"WebPage","@id":"https:\/\/dismek.com.tr\/de\/soziale-verantwortung\/","url":"https:\/\/dismek.com.tr\/de\/soziale-verantwortung\/","name":"Soziale Verantwortung - Dismek","isPartOf":{"@id":"https:\/\/dismek.com.tr\/#website"},"datePublished":"2018-01-21T07:31:44+00:00","dateModified":"2025-01-04T10:02:17+00:00","breadcrumb":{"@id":"https:\/\/dismek.com.tr\/de\/soziale-verantwortung\/#breadcrumb"},"inLanguage":"de","potentialAction":[{"@type":"ReadAction","target":["https:\/\/dismek.com.tr\/de\/soziale-verantwortung\/"]}]},{"@type":"BreadcrumbList","@id":"https:\/\/dismek.com.tr\/de\/soziale-verantwortung\/#breadcrumb","itemListElement":[{"@type":"ListItem","position":1,"name":"Home","item":"https:\/\/dismek.com.tr\/de\/"},{"@type":"ListItem","position":2,"name":"Soziale Verantwortung"}]},{"@type":"WebSite","@id":"https:\/\/dismek.com.tr\/#website","url":"https:\/\/dismek.com.tr\/","name":"Dismek","description":"","potentialAction":[{"@type":"SearchAction","target":{"@type":"EntryPoint","urlTemplate":"https:\/\/dismek.com.tr\/?s={search_term_string}"},"query-input":{"@type":"PropertyValueSpecification","valueRequired":true,"valueName":"search_term_string"}}],"inLanguage":"de"}]}},"_links":{"self":[{"href":"https:\/\/dismek.com.tr\/de\/wp-json\/wp\/v2\/pages\/10892","targetHints":{"allow":["GET"]}}],"collection":[{"href":"https:\/\/dismek.com.tr\/de\/wp-json\/wp\/v2\/pages"}],"about":[{"href":"https:\/\/dismek.com.tr\/de\/wp-json\/wp\/v2\/types\/page"}],"author":[{"embeddable":true,"href":"https:\/\/dismek.com.tr\/de\/wp-json\/wp\/v2\/users\/1"}],"replies":[{"embeddable":true,"href":"https:\/\/dismek.com.tr\/de\/wp-json\/wp\/v2\/comments?post=10892"}],"version-history":[{"count":4,"href":"https:\/\/dismek.com.tr\/de\/wp-json\/wp\/v2\/pages\/10892\/revisions"}],"predecessor-version":[{"id":10896,"href":"https:\/\/dismek.com.tr\/de\/wp-json\/wp\/v2\/pages\/10892\/revisions\/10896"}],"wp:attachment":[{"href":"https:\/\/dismek.com.tr\/de\/wp-json\/wp\/v2\/media?parent=10892"}],"curies":[{"name":"wp","href":"https:\/\/api.w.org\/{rel}","templated":true}]}}